{"id":1140,"date":"2025-01-06T13:56:10","date_gmt":"2025-01-06T12:56:10","guid":{"rendered":"https:\/\/die-heimat-thueringen.de\/thuringiai-regionalis-szovetseg\/"},"modified":"2025-02-12T19:24:00","modified_gmt":"2025-02-12T18:24:00","slug":"thuringiai-regionalis-szovetseg","status":"publish","type":"page","link":"https:\/\/die-heimat-thueringen.de\/hu\/thuringiai-regionalis-szovetseg\/","title":{"rendered":"Th\u00fcringiai Region\u00e1lis Sz\u00f6vets\u00e9g"},"content":{"rendered":"<p><div class=\"fusion-fullwidth fullwidth-box fusion-builder-row-1 fusion-flex-container has-pattern-background has-mask-background nonhundred-percent-fullwidth non-hundred-percent-height-scrolling gradient-container-1\" style=\"--awb-border-radius-top-left:0px;--awb-border-radius-top-right:0px;--awb-border-radius-bottom-right:0px;--awb-border-radius-bottom-left:0px;--awb-flex-wrap:wrap;\" ><div class=\"fusion-builder-row fusion-row fusion-flex-align-items-flex-start fusion-flex-content-wrap\" style=\"max-width:1404px;margin-left: calc(-4% \/ 2 );margin-right: calc(-4% \/ 2 );\"><div class=\"fusion-layout-column fusion_builder_column fusion-builder-column-0 fusion_builder_column_1_1 1_1 fusion-flex-column\" style=\"--awb-bg-size:cover;--awb-width-large:100%;--awb-margin-top-large:0px;--awb-spacing-right-large:1.92%;--awb-margin-bottom-large:20px;--awb-spacing-left-large:1.92%;--awb-width-medium:100%;--awb-order-medium:0;--awb-spacing-right-medium:1.92%;--awb-spacing-left-medium:1.92%;--awb-width-small:100%;--awb-order-small:0;--awb-spacing-right-small:1.92%;--awb-spacing-left-small:1.92%;\"><div class=\"fusion-column-wrapper fusion-column-has-shadow fusion-flex-justify-content-flex-start fusion-content-layout-column\"><div class=\"fusion-title title fusion-title-1 fusion-title-text fusion-title-size-one\" style=\"--awb-margin-top-small:10px;--awb-margin-right-small:0px;--awb-margin-bottom-small:10px;--awb-margin-left-small:0px;\"><div class=\"title-sep-container title-sep-container-left fusion-no-large-visibility fusion-no-medium-visibility fusion-no-small-visibility\"><div class=\"title-sep sep-double sep-solid\" style=\"border-color:#e2e2e2;\"><\/div><\/div><span class=\"awb-title-spacer fusion-no-large-visibility fusion-no-medium-visibility fusion-no-small-visibility\"><\/span><h1 class=\"fusion-title-heading title-heading-left\" style=\"margin:0;\">Ker\u00fcleti sz\u00f6vets\u00e9geink \u00e9s aloszt\u00e1lyaink<\/h1><span class=\"awb-title-spacer\"><\/span><div class=\"title-sep-container title-sep-container-right\"><div class=\"title-sep sep-double sep-solid\" style=\"border-color:#e2e2e2;\"><\/div><\/div><\/div><\/div><\/div><div class=\"fusion-layout-column fusion_builder_column fusion-builder-column-1 fusion_builder_column_1_4 1_4 fusion-flex-column\" style=\"--awb-bg-size:cover;--awb-width-large:25%;--awb-margin-top-large:0px;--awb-spacing-right-large:7.68%;--awb-margin-bottom-large:20px;--awb-spacing-left-large:7.68%;--awb-width-medium:25%;--awb-order-medium:0;--awb-spacing-right-medium:7.68%;--awb-spacing-left-medium:7.68%;--awb-width-small:100%;--awb-order-small:0;--awb-spacing-right-small:1.92%;--awb-spacing-left-small:1.92%;\"><div class=\"fusion-column-wrapper fusion-column-has-shadow fusion-flex-justify-content-flex-start fusion-content-layout-column\"><div class=\"elegant-image elegant-image-0 elegant-align-left \"><div class=\"elegant-image-wrapper\"><a href=\"https:\/\/die-heimat-thueringen.de\/junge-nationalisten\/\" target=\"_self\"><img decoding=\"async\" src=\"https:\/\/die-heimat-thueringen.de\/wp-content\/uploads\/2025\/01\/JN-Thueringen-01.jpg\" alt=\"\" style=\"width:160px;\"\/><\/a><\/div><div class=\"elegant-image-blur-shadow\"><img decoding=\"async\" src=\"https:\/\/die-heimat-thueringen.de\/wp-content\/uploads\/2025\/01\/JN-Thueringen-01.jpg\" alt=\"\" style=\"width:160px;\"\/><\/div><style type=\"text\/css\"><\/style><\/div><\/div><\/div><div class=\"fusion-layout-column fusion_builder_column fusion-builder-column-2 fusion_builder_column_1_4 1_4 fusion-flex-column\" style=\"--awb-bg-size:cover;--awb-width-large:25%;--awb-margin-top-large:0px;--awb-spacing-right-large:7.68%;--awb-margin-bottom-large:20px;--awb-spacing-left-large:7.68%;--awb-width-medium:25%;--awb-order-medium:0;--awb-spacing-right-medium:7.68%;--awb-spacing-left-medium:7.68%;--awb-width-small:100%;--awb-order-small:0;--awb-spacing-right-small:1.92%;--awb-spacing-left-small:1.92%;\"><div class=\"fusion-column-wrapper fusion-column-has-shadow fusion-flex-justify-content-flex-start fusion-content-layout-column\"><div class=\"elegant-image elegant-image-1 elegant-align-left \"><div class=\"elegant-image-wrapper\"><img decoding=\"async\" src=\"https:\/\/die-heimat-thueringen.de\/wp-content\/uploads\/2025\/01\/Logo-osttueringen-01.jpg\" alt=\"\" style=\"width:400px;\"\/><\/div><div class=\"elegant-image-blur-shadow\"><img decoding=\"async\" src=\"https:\/\/die-heimat-thueringen.de\/wp-content\/uploads\/2025\/01\/Logo-osttueringen-01.jpg\" alt=\"\" style=\"width:400px;\"\/><\/div><style type=\"text\/css\"><\/style><\/div><\/div><\/div><div class=\"fusion-layout-column fusion_builder_column fusion-builder-column-3 fusion_builder_column_1_4 1_4 fusion-flex-column\" style=\"--awb-bg-size:cover;--awb-width-large:25%;--awb-margin-top-large:0px;--awb-spacing-right-large:7.68%;--awb-margin-bottom-large:20px;--awb-spacing-left-large:7.68%;--awb-width-medium:25%;--awb-order-medium:0;--awb-spacing-right-medium:7.68%;--awb-spacing-left-medium:7.68%;--awb-width-small:100%;--awb-order-small:0;--awb-spacing-right-small:1.92%;--awb-spacing-left-small:1.92%;\"><div class=\"fusion-column-wrapper fusion-column-has-shadow fusion-flex-justify-content-flex-start fusion-content-layout-column\"><div class=\"elegant-image elegant-image-2 elegant-align-center \"><div class=\"elegant-image-wrapper\"><a href=\"https:\/\/die-heimat-thueringen.de\/kreisverband-kyffhaeuserkreis\/\" target=\"_self\"><img decoding=\"async\" src=\"https:\/\/die-heimat-thueringen.de\/wp-content\/uploads\/2025\/01\/logo_heimat2_V4.png\" alt=\"\" style=\"width:400px;\"\/><\/a><\/div><div class=\"elegant-image-blur-shadow\"><img decoding=\"async\" src=\"https:\/\/die-heimat-thueringen.de\/wp-content\/uploads\/2025\/01\/logo_heimat2_V4.png\" alt=\"\" style=\"width:400px;\"\/><\/div><style type=\"text\/css\"><\/style><\/div><\/div><\/div><div class=\"fusion-layout-column fusion_builder_column fusion-builder-column-4 fusion_builder_column_1_4 1_4 fusion-flex-column\" style=\"--awb-bg-size:cover;--awb-width-large:25%;--awb-margin-top-large:0px;--awb-spacing-right-large:7.68%;--awb-margin-bottom-large:20px;--awb-spacing-left-large:7.68%;--awb-width-medium:25%;--awb-order-medium:0;--awb-spacing-right-medium:7.68%;--awb-spacing-left-medium:7.68%;--awb-width-small:100%;--awb-order-small:0;--awb-spacing-right-small:1.92%;--awb-spacing-left-small:1.92%;\"><div class=\"fusion-column-wrapper fusion-column-has-shadow fusion-flex-justify-content-flex-start fusion-content-layout-column\"><div class=\"elegant-image elegant-image-3 elegant-align-center \"><div class=\"elegant-image-wrapper\"><a href=\"http:\/\/\" target=\"_self\"><img decoding=\"async\" src=\"https:\/\/die-heimat-thueringen.de\/wp-content\/uploads\/2025\/01\/logo-saalfeld.jpg\" alt=\"\" style=\"width:400px;\"\/><\/a><\/div><div class=\"elegant-image-blur-shadow\"><img decoding=\"async\" src=\"https:\/\/die-heimat-thueringen.de\/wp-content\/uploads\/2025\/01\/logo-saalfeld.jpg\" alt=\"\" style=\"width:400px;\"\/><\/div><style type=\"text\/css\"><\/style><\/div><\/div><\/div><\/div><\/div><div class=\"fusion-fullwidth fullwidth-box fusion-builder-row-2 fusion-flex-container has-pattern-background has-mask-background nonhundred-percent-fullwidth non-hundred-percent-height-scrolling gradient-container-2\" style=\"--awb-border-radius-top-left:0px;--awb-border-radius-top-right:0px;--awb-border-radius-bottom-right:0px;--awb-border-radius-bottom-left:0px;--awb-flex-wrap:wrap;\" ><div class=\"fusion-builder-row fusion-row fusion-flex-align-items-flex-start fusion-flex-content-wrap\" style=\"max-width:1404px;margin-left: calc(-4% \/ 2 );margin-right: calc(-4% \/ 2 );\"><div class=\"fusion-layout-column fusion_builder_column fusion-builder-column-5 fusion_builder_column_1_4 1_4 fusion-flex-column\" style=\"--awb-bg-size:cover;--awb-width-large:25%;--awb-margin-top-large:0px;--awb-spacing-right-large:7.68%;--awb-margin-bottom-large:20px;--awb-spacing-left-large:7.68%;--awb-width-medium:25%;--awb-order-medium:0;--awb-spacing-right-medium:7.68%;--awb-spacing-left-medium:7.68%;--awb-width-small:100%;--awb-order-small:0;--awb-spacing-right-small:1.92%;--awb-spacing-left-small:1.92%;\"><div class=\"fusion-column-wrapper fusion-column-has-shadow fusion-flex-justify-content-flex-start fusion-content-layout-column\"><div class=\"elegant-image elegant-image-4 elegant-align-left \"><div class=\"elegant-image-wrapper\"><a href=\"https:\/\/die-heimat-thueringen.de\/kreisverband-eisenach-wartburgkreis\/\" target=\"_self\"><img decoding=\"async\" src=\"https:\/\/die-heimat-thueringen.de\/wp-content\/uploads\/2025\/01\/logo-eisenach1.jpg\" alt=\"\" style=\"width:400px;\"\/><\/a><\/div><div class=\"elegant-image-blur-shadow\"><img decoding=\"async\" src=\"https:\/\/die-heimat-thueringen.de\/wp-content\/uploads\/2025\/01\/logo-eisenach1.jpg\" alt=\"\" style=\"width:400px;\"\/><\/div><style type=\"text\/css\"><\/style><\/div><\/div><\/div><div class=\"fusion-layout-column fusion_builder_column fusion-builder-column-6 fusion_builder_column_1_4 1_4 fusion-flex-column\" style=\"--awb-bg-size:cover;--awb-width-large:25%;--awb-margin-top-large:0px;--awb-spacing-right-large:7.68%;--awb-margin-bottom-large:20px;--awb-spacing-left-large:7.68%;--awb-width-medium:25%;--awb-order-medium:0;--awb-spacing-right-medium:7.68%;--awb-spacing-left-medium:7.68%;--awb-width-small:100%;--awb-order-small:0;--awb-spacing-right-small:1.92%;--awb-spacing-left-small:1.92%;\"><div class=\"fusion-column-wrapper fusion-column-has-shadow fusion-flex-justify-content-flex-start fusion-content-layout-column\"><div class=\"elegant-image elegant-image-5 elegant-align-left \"><div class=\"elegant-image-wrapper\"><img decoding=\"async\" src=\"https:\/\/die-heimat-thueringen.de\/wp-content\/uploads\/2025\/01\/logo-nordhausen1.jpg\" alt=\"\" style=\"width:400px;\"\/><\/div><div class=\"elegant-image-blur-shadow\"><img decoding=\"async\" src=\"https:\/\/die-heimat-thueringen.de\/wp-content\/uploads\/2025\/01\/logo-nordhausen1.jpg\" alt=\"\" style=\"width:400px;\"\/><\/div><style type=\"text\/css\"><\/style><\/div><\/div><\/div><div class=\"fusion-layout-column fusion_builder_column fusion-builder-column-7 fusion_builder_column_1_4 1_4 fusion-flex-column\" style=\"--awb-bg-size:cover;--awb-width-large:25%;--awb-margin-top-large:0px;--awb-spacing-right-large:7.68%;--awb-margin-bottom-large:20px;--awb-spacing-left-large:7.68%;--awb-width-medium:25%;--awb-order-medium:0;--awb-spacing-right-medium:7.68%;--awb-spacing-left-medium:7.68%;--awb-width-small:100%;--awb-order-small:0;--awb-spacing-right-small:1.92%;--awb-spacing-left-small:1.92%;\"><div class=\"fusion-column-wrapper fusion-column-has-shadow fusion-flex-justify-content-flex-start fusion-content-layout-column\"><div class=\"elegant-image elegant-image-6 elegant-align-left \"><div class=\"elegant-image-wrapper\"><a href=\"https:\/\/die-heimat-thueringen.de\/kreisverband-gotha\/\" target=\"_self\"><img decoding=\"async\" src=\"https:\/\/die-heimat-thueringen.de\/wp-content\/uploads\/2025\/01\/logo-gotha1.jpg\" alt=\"\" style=\"width:400px;\"\/><\/a><\/div><div class=\"elegant-image-blur-shadow\"><img decoding=\"async\" src=\"https:\/\/die-heimat-thueringen.de\/wp-content\/uploads\/2025\/01\/logo-gotha1.jpg\" alt=\"\" style=\"width:400px;\"\/><\/div><style type=\"text\/css\"><\/style><\/div><\/div><\/div><div class=\"fusion-layout-column fusion_builder_column fusion-builder-column-8 fusion_builder_column_1_4 1_4 fusion-flex-column\" style=\"--awb-bg-size:cover;--awb-width-large:25%;--awb-margin-top-large:0px;--awb-spacing-right-large:7.68%;--awb-margin-bottom-large:20px;--awb-spacing-left-large:7.68%;--awb-width-medium:25%;--awb-order-medium:0;--awb-spacing-right-medium:7.68%;--awb-spacing-left-medium:7.68%;--awb-width-small:100%;--awb-order-small:0;--awb-spacing-right-small:1.92%;--awb-spacing-left-small:1.92%;\"><div class=\"fusion-column-wrapper fusion-column-has-shadow fusion-flex-justify-content-flex-start fusion-content-layout-column\"><div class=\"elegant-image elegant-image-7 elegant-align-left \"><div class=\"elegant-image-wrapper\"><img decoding=\"async\" src=\"https:\/\/die-heimat-thueringen.de\/wp-content\/uploads\/2025\/01\/logo-gera1.jpg\" alt=\"\" style=\"width:400px;\"\/><\/div><div class=\"elegant-image-blur-shadow\"><img decoding=\"async\" src=\"https:\/\/die-heimat-thueringen.de\/wp-content\/uploads\/2025\/01\/logo-gera1.jpg\" alt=\"\" style=\"width:400px;\"\/><\/div><style type=\"text\/css\"><\/style><\/div><\/div><\/div><\/div><\/div><div class=\"fusion-fullwidth fullwidth-box fusion-builder-row-3 fusion-flex-container has-pattern-background has-mask-background nonhundred-percent-fullwidth non-hundred-percent-height-scrolling gradient-container-3\" style=\"--awb-border-radius-top-left:0px;--awb-border-radius-top-right:0px;--awb-border-radius-bottom-right:0px;--awb-border-radius-bottom-left:0px;--awb-flex-wrap:wrap;\" ><div class=\"fusion-builder-row fusion-row fusion-flex-align-items-flex-start fusion-flex-content-wrap\" style=\"max-width:1404px;margin-left: calc(-4% \/ 2 );margin-right: calc(-4% \/ 2 );\"><div class=\"fusion-layout-column fusion_builder_column fusion-builder-column-9 fusion_builder_column_1_4 1_4 fusion-flex-column\" style=\"--awb-bg-size:cover;--awb-width-large:25%;--awb-margin-top-large:0px;--awb-spacing-right-large:7.68%;--awb-margin-bottom-large:20px;--awb-spacing-left-large:7.68%;--awb-width-medium:25%;--awb-order-medium:0;--awb-spacing-right-medium:7.68%;--awb-spacing-left-medium:7.68%;--awb-width-small:100%;--awb-order-small:0;--awb-spacing-right-small:1.92%;--awb-spacing-left-small:1.92%;\"><div class=\"fusion-column-wrapper fusion-column-has-shadow fusion-flex-justify-content-flex-start fusion-content-layout-column\"><div class=\"elegant-image elegant-image-8 elegant-align-left \"><div class=\"elegant-image-wrapper\"><img decoding=\"async\" src=\"https:\/\/die-heimat-thueringen.de\/wp-content\/uploads\/2025\/01\/logo-erfurt01.jpg\" alt=\"\" style=\"width:400px;\"\/><\/div><div class=\"elegant-image-blur-shadow\"><img decoding=\"async\" src=\"https:\/\/die-heimat-thueringen.de\/wp-content\/uploads\/2025\/01\/logo-erfurt01.jpg\" alt=\"\" style=\"width:400px;\"\/><\/div><style type=\"text\/css\"><\/style><\/div><\/div><\/div><div class=\"fusion-layout-column fusion_builder_column fusion-builder-column-10 fusion_builder_column_1_4 1_4 fusion-flex-column\" style=\"--awb-bg-size:cover;--awb-width-large:25%;--awb-margin-top-large:0px;--awb-spacing-right-large:7.68%;--awb-margin-bottom-large:20px;--awb-spacing-left-large:7.68%;--awb-width-medium:25%;--awb-order-medium:0;--awb-spacing-right-medium:7.68%;--awb-spacing-left-medium:7.68%;--awb-width-small:100%;--awb-order-small:0;--awb-spacing-right-small:1.92%;--awb-spacing-left-small:1.92%;\"><div class=\"fusion-column-wrapper fusion-column-has-shadow fusion-flex-justify-content-flex-start fusion-content-layout-column\"><div class=\"elegant-image elegant-image-9 elegant-align-left \"><div class=\"elegant-image-wrapper\"><img decoding=\"async\" src=\"https:\/\/die-heimat-thueringen.de\/wp-content\/uploads\/2025\/01\/logo-eichsfeld1.jpg\" alt=\"\" style=\"width:400px;\"\/><\/div><div class=\"elegant-image-blur-shadow\"><img decoding=\"async\" src=\"https:\/\/die-heimat-thueringen.de\/wp-content\/uploads\/2025\/01\/logo-eichsfeld1.jpg\" alt=\"\" style=\"width:400px;\"\/><\/div><style type=\"text\/css\"><\/style><\/div><\/div><\/div><div class=\"fusion-layout-column fusion_builder_column fusion-builder-column-11 fusion_builder_column_1_4 1_4 fusion-flex-column\" style=\"--awb-bg-size:cover;--awb-width-large:25%;--awb-margin-top-large:0px;--awb-spacing-right-large:7.68%;--awb-margin-bottom-large:20px;--awb-spacing-left-large:7.68%;--awb-width-medium:25%;--awb-order-medium:0;--awb-spacing-right-medium:7.68%;--awb-spacing-left-medium:7.68%;--awb-width-small:100%;--awb-order-small:0;--awb-spacing-right-small:1.92%;--awb-spacing-left-small:1.92%;\"><div class=\"fusion-column-wrapper fusion-column-has-shadow fusion-flex-justify-content-flex-start fusion-content-layout-column\"><div class=\"elegant-image elegant-image-10 elegant-align-left \"><div class=\"elegant-image-wrapper\"><img decoding=\"async\" src=\"https:\/\/die-heimat-thueringen.de\/wp-content\/uploads\/2024\/12\/351319090_1397007731121377_4642874110676710118_n.jpg\" alt=\"\" style=\"width:400px;\"\/><\/div><div class=\"elegant-image-blur-shadow\"><img decoding=\"async\" src=\"https:\/\/die-heimat-thueringen.de\/wp-content\/uploads\/2024\/12\/351319090_1397007731121377_4642874110676710118_n.jpg\" alt=\"\" style=\"width:400px;\"\/><\/div><style type=\"text\/css\"><\/style><\/div><\/div><\/div><div class=\"fusion-layout-column fusion_builder_column fusion-builder-column-12 fusion_builder_column_1_4 1_4 fusion-flex-column\" style=\"--awb-bg-size:cover;--awb-width-large:25%;--awb-margin-top-large:0px;--awb-spacing-right-large:7.68%;--awb-margin-bottom-large:20px;--awb-spacing-left-large:7.68%;--awb-width-medium:25%;--awb-order-medium:0;--awb-spacing-right-medium:7.68%;--awb-spacing-left-medium:7.68%;--awb-width-small:100%;--awb-order-small:0;--awb-spacing-right-small:1.92%;--awb-spacing-left-small:1.92%;\"><div class=\"fusion-column-wrapper fusion-column-has-shadow fusion-flex-justify-content-flex-start fusion-content-layout-column\"><\/div><\/div><\/div><\/div><\/p>\n","protected":false},"excerpt":{"rendered":"","protected":false},"author":1,"featured_media":0,"parent":0,"menu_order":0,"comment_status":"closed","ping_status":"closed","template":"100-width.php","meta":{"footnotes":""},"class_list":["post-1140","page","type-page","status-publish","hentry"],"_links":{"self":[{"href":"https:\/\/die-heimat-thueringen.de\/hu\/wp-json\/wp\/v2\/pages\/1140","targetHints":{"allow":["GET"]}}],"collection":[{"href":"https:\/\/die-heimat-thueringen.de\/hu\/wp-json\/wp\/v2\/pages"}],"about":[{"href":"https:\/\/die-heimat-thueringen.de\/hu\/wp-json\/wp\/v2\/types\/page"}],"author":[{"embeddable":true,"href":"https:\/\/die-heimat-thueringen.de\/hu\/wp-json\/wp\/v2\/users\/1"}],"replies":[{"embeddable":true,"href":"https:\/\/die-heimat-thueringen.de\/hu\/wp-json\/wp\/v2\/comments?post=1140"}],"version-history":[{"count":2,"href":"https:\/\/die-heimat-thueringen.de\/hu\/wp-json\/wp\/v2\/pages\/1140\/revisions"}],"predecessor-version":[{"id":1142,"href":"https:\/\/die-heimat-thueringen.de\/hu\/wp-json\/wp\/v2\/pages\/1140\/revisions\/1142"}],"wp:attachment":[{"href":"https:\/\/die-heimat-thueringen.de\/hu\/wp-json\/wp\/v2\/media?parent=1140"}],"curies":[{"name":"wp","href":"https:\/\/api.w.org\/{rel}","templated":true}]}}