{"id":1148,"date":"2024-12-25T11:40:02","date_gmt":"2024-12-25T10:40:02","guid":{"rendered":"https:\/\/die-heimat-thueringen.de\/regionalis-iroda\/"},"modified":"2025-02-12T19:34:38","modified_gmt":"2025-02-12T18:34:38","slug":"regionalis-iroda","status":"publish","type":"page","link":"https:\/\/die-heimat-thueringen.de\/hu\/regionalis-iroda\/","title":{"rendered":"Region\u00e1lis iroda"},"content":{"rendered":"<div class=\"fusion-fullwidth fullwidth-box fusion-builder-row-1 fusion-flex-container has-pattern-background has-mask-background nonhundred-percent-fullwidth non-hundred-percent-height-scrolling gradient-container-1\" style=\"--awb-border-radius-top-left:0px;--awb-border-radius-top-right:0px;--awb-border-radius-bottom-right:0px;--awb-border-radius-bottom-left:0px;--awb-flex-wrap:wrap;\" ><div class=\"fusion-builder-row fusion-row fusion-flex-align-items-flex-start fusion-flex-content-wrap\" style=\"max-width:1404px;margin-left: calc(-4% \/ 2 );margin-right: calc(-4% \/ 2 );\"><div class=\"fusion-layout-column fusion_builder_column fusion-builder-column-0 fusion_builder_column_2_3 2_3 fusion-flex-column\" style=\"--awb-bg-size:cover;--awb-width-large:66.666666666667%;--awb-margin-top-large:0px;--awb-spacing-right-large:2.88%;--awb-margin-bottom-large:20px;--awb-spacing-left-large:2.88%;--awb-width-medium:66.666666666667%;--awb-order-medium:0;--awb-spacing-right-medium:2.88%;--awb-spacing-left-medium:2.88%;--awb-width-small:100%;--awb-order-small:0;--awb-spacing-right-small:1.92%;--awb-spacing-left-small:1.92%;\"><div class=\"fusion-column-wrapper fusion-column-has-shadow fusion-flex-justify-content-flex-start fusion-content-layout-column\"><div class=\"fusion-image-element \" style=\"--awb-caption-title-font-family:var(--h2_typography-font-family);--awb-caption-title-font-weight:var(--h2_typography-font-weight);--awb-caption-title-font-style:var(--h2_typography-font-style);--awb-caption-title-size:var(--h2_typography-font-size);--awb-caption-title-transform:var(--h2_typography-text-transform);--awb-caption-title-line-height:var(--h2_typography-line-height);--awb-caption-title-letter-spacing:var(--h2_typography-letter-spacing);\"><span class=\" fusion-imageframe imageframe-none imageframe-1 hover-type-none\"><img decoding=\"async\" width=\"960\" height=\"540\" title=\"Volkshaus03\" src=\"https:\/\/die-heimat-thueringen.de\/wp-content\/uploads\/2024\/12\/Volkshaus03.jpg\" alt class=\"img-responsive wp-image-804\"\/><\/span><\/div><div class=\"fusion-text fusion-text-1\"><p>A t\u00fcringiai region\u00e1lis sz\u00f6vets\u00e9g sz\u00e9khelye Eisenachban van. A region\u00e1lis iroda a kapcsolattart\u00f3 pont minden ker\u00fcleti sz\u00f6vets\u00e9g, tag, \u00e9rdekl\u0151d\u0151 \u00e9s \u00fajs\u00e1g\u00edr\u00f3 sz\u00e1m\u00e1ra.<\/p>\n<p>Nemcsak a tartom\u00e1nyi sz\u00f6vets\u00e9g \u00fcgyint\u00e9z\u00e9se t\u00f6rt\u00e9nik innen, hanem p\u00e9ld\u00e1ul rendezv\u00e9nyek szervez\u00e9se \u00e9s a t\u00fcringiai region\u00e1lis \u00fajs\u00e1gok el\u0151\u00e1ll\u00edt\u00e1sa is.<\/p>\n<p>Sz\u00edvesen fogadjuk, ha szem\u00e9lyes tal\u00e1lkoz\u00f3t szeretne egyeztetni munkat\u00e1rsainkkal.<\/p>\n<\/div><\/div><\/div><div class=\"fusion-layout-column fusion_builder_column fusion-builder-column-1 fusion_builder_column_1_3 1_3 fusion-flex-column\" style=\"--awb-bg-size:cover;--awb-width-large:33.333333333333%;--awb-margin-top-large:0px;--awb-spacing-right-large:5.76%;--awb-margin-bottom-large:20px;--awb-spacing-left-large:5.76%;--awb-width-medium:33.333333333333%;--awb-order-medium:0;--awb-spacing-right-medium:5.76%;--awb-spacing-left-medium:5.76%;--awb-width-small:100%;--awb-order-small:0;--awb-spacing-right-small:1.92%;--awb-spacing-left-small:1.92%;\"><div class=\"fusion-column-wrapper fusion-column-has-shadow fusion-flex-justify-content-flex-start fusion-content-layout-column\"><div class=\"fusion-title title fusion-title-1 fusion-title-text fusion-title-size-one\" style=\"--awb-margin-top-small:10px;--awb-margin-right-small:0px;--awb-margin-bottom-small:10px;--awb-margin-left-small:0px;\"><div class=\"title-sep-container title-sep-container-left fusion-no-large-visibility fusion-no-medium-visibility fusion-no-small-visibility\"><div class=\"title-sep sep-double sep-solid\" style=\"border-color:#e2e2e2;\"><\/div><\/div><span class=\"awb-title-spacer fusion-no-large-visibility fusion-no-medium-visibility fusion-no-small-visibility\"><\/span><h1 class=\"fusion-title-heading title-heading-left\" style=\"margin:0;\">Irodai nyitva tart\u00e1s:<\/h1><span class=\"awb-title-spacer\"><\/span><div class=\"title-sep-container title-sep-container-right\"><div class=\"title-sep sep-double sep-solid\" style=\"border-color:#e2e2e2;\"><\/div><\/div><\/div><div class=\"fusion-text fusion-text-2\"><table class=\"opening-hours\">\r\n\t<tr class=\"day h--tf-- past weekday\">\r\n\t\t<th class=\"day-name\">H\u00e9tf\u0151:<\/th>\r\n\t\t<td class=\"hours\">12.00 \u2013 16.00<\/td>\r\n\t<\/tr>\r\n\t<tr class=\"day kedd past weekday\">\r\n\t\t<th class=\"day-name\">Kedd:<\/th>\r\n\t\t<td class=\"hours\">12.00 \u2013 16.00<\/td>\r\n\t<\/tr>\r\n\t<tr class=\"day szerda past weekday\">\r\n\t\t<th class=\"day-name\">Szerda:<\/th>\r\n\t\t<td class=\"hours\">12.00 \u2013 16.00<\/td>\r\n\t<\/tr>\r\n\t<tr class=\"day cs--t--rt--k past weekday\">\r\n\t\t<th class=\"day-name\">Cs\u00fct\u00f6rt\u00f6k:<\/th>\r\n\t\t<td class=\"hours\">12.00 \u2013 16.00<\/td>\r\n\t<\/tr>\r\n\t<tr class=\"day p--ntek past weekday\">\r\n\t\t<th class=\"day-name\">P\u00e9ntek:<\/th>\r\n\t\t<td class=\"hours\">12.00 \u2013 16.00<\/td>\r\n\t<\/tr>\r\n\t<tr class=\"day szombat today weekend closed\">\r\n\t\t<th class=\"day-name\">Szombat:<\/th>\r\n\t\t<td class=\"hours\">Geschlossen<\/td>\r\n\t<\/tr>\r\n\t<tr class=\"day vas--rnap tomorrow future weekend closed\">\r\n\t\t<th class=\"day-name\">Vas\u00e1rnap:<\/th>\r\n\t\t<td class=\"hours\">Geschlossen<\/td>\r\n\t<\/tr>\r\n<\/table>\r\n\n<\/div><div class=\"fusion-title title fusion-title-2 fusion-title-text fusion-title-size-one\" style=\"--awb-margin-top-small:10px;--awb-margin-right-small:0px;--awb-margin-bottom-small:10px;--awb-margin-left-small:0px;\"><div class=\"title-sep-container title-sep-container-left fusion-no-large-visibility fusion-no-medium-visibility fusion-no-small-visibility\"><div class=\"title-sep sep-double sep-solid\" style=\"border-color:#e2e2e2;\"><\/div><\/div><span class=\"awb-title-spacer fusion-no-large-visibility fusion-no-medium-visibility fusion-no-small-visibility\"><\/span><h1 class=\"fusion-title-heading title-heading-left\" style=\"margin:0;\">Cim:<\/h1><span class=\"awb-title-spacer\"><\/span><div class=\"title-sep-container title-sep-container-right\"><div class=\"title-sep sep-double sep-solid\" style=\"border-color:#e2e2e2;\"><\/div><\/div><\/div><div class=\"fusion-text fusion-text-3\"><div class=\"sub_title\">Landesverband Th\u00fcringen<\/div>\n<div class=\"excerpt\">\n<p>Telefonsz\u00e1m:: 03691 \/ 78 77 975<\/p>\n<p><strong>lev\u00e9lpostai c\u00edm<\/strong><\/p>\n<p>Die Heimat Th\u00fcringen<br \/>\nLandesgesch\u00e4ftsstelle<br \/>\nKatharinenstr. 147 a<br \/>\n99817 Eisenach<br \/>N\u00e9metorsz\u00e1g<\/p>\n<\/div>\n<\/div><\/div><\/div><\/div><\/div>\n","protected":false},"excerpt":{"rendered":"","protected":false},"author":1,"featured_media":0,"parent":0,"menu_order":0,"comment_status":"closed","ping_status":"closed","template":"","meta":{"footnotes":""},"class_list":["post-1148","page","type-page","status-publish","hentry"],"_links":{"self":[{"href":"https:\/\/die-heimat-thueringen.de\/hu\/wp-json\/wp\/v2\/pages\/1148","targetHints":{"allow":["GET"]}}],"collection":[{"href":"https:\/\/die-heimat-thueringen.de\/hu\/wp-json\/wp\/v2\/pages"}],"about":[{"href":"https:\/\/die-heimat-thueringen.de\/hu\/wp-json\/wp\/v2\/types\/page"}],"author":[{"embeddable":true,"href":"https:\/\/die-heimat-thueringen.de\/hu\/wp-json\/wp\/v2\/users\/1"}],"replies":[{"embeddable":true,"href":"https:\/\/die-heimat-thueringen.de\/hu\/wp-json\/wp\/v2\/comments?post=1148"}],"version-history":[{"count":3,"href":"https:\/\/die-heimat-thueringen.de\/hu\/wp-json\/wp\/v2\/pages\/1148\/revisions"}],"predecessor-version":[{"id":1151,"href":"https:\/\/die-heimat-thueringen.de\/hu\/wp-json\/wp\/v2\/pages\/1148\/revisions\/1151"}],"wp:attachment":[{"href":"https:\/\/die-heimat-thueringen.de\/hu\/wp-json\/wp\/v2\/media?parent=1148"}],"curies":[{"name":"wp","href":"https:\/\/api.w.org\/{rel}","templated":true}]}}