{"id":1153,"date":"2024-12-27T13:08:05","date_gmt":"2024-12-27T12:08:05","guid":{"rendered":"https:\/\/die-heimat-thueringen.de\/rolunk\/"},"modified":"2025-02-12T19:52:03","modified_gmt":"2025-02-12T18:52:03","slug":"rolunk","status":"publish","type":"page","link":"https:\/\/die-heimat-thueringen.de\/hu\/rolunk\/","title":{"rendered":"R\u00f3lunk"},"content":{"rendered":"<div class=\"fusion-fullwidth fullwidth-box fusion-builder-row-1 fusion-flex-container has-pattern-background has-mask-background nonhundred-percent-fullwidth non-hundred-percent-height-scrolling gradient-container-1\" style=\"--awb-border-radius-top-left:0px;--awb-border-radius-top-right:0px;--awb-border-radius-bottom-right:0px;--awb-border-radius-bottom-left:0px;--awb-flex-wrap:wrap;\" ><div class=\"fusion-builder-row fusion-row fusion-flex-align-items-flex-start fusion-flex-content-wrap\" style=\"max-width:1404px;margin-left: calc(-4% \/ 2 );margin-right: calc(-4% \/ 2 );\"><div class=\"fusion-layout-column fusion_builder_column fusion-builder-column-0 fusion_builder_column_1_1 1_1 fusion-flex-column\" style=\"--awb-bg-size:cover;--awb-width-large:100%;--awb-margin-top-large:0px;--awb-spacing-right-large:1.92%;--awb-margin-bottom-large:20px;--awb-spacing-left-large:1.92%;--awb-width-medium:100%;--awb-order-medium:0;--awb-spacing-right-medium:1.92%;--awb-spacing-left-medium:1.92%;--awb-width-small:100%;--awb-order-small:0;--awb-spacing-right-small:1.92%;--awb-spacing-left-small:1.92%;\"><div class=\"fusion-column-wrapper fusion-column-has-shadow fusion-flex-justify-content-flex-start fusion-content-layout-column\"><div class=\"fusion-text fusion-text-1\"><div class=\"post-content\">\n<p><strong>Mi m\u00e1sok vagyunk!<\/strong><\/p>\n<p>DIE HEIMAT nem egy olyan buli, mint a t\u00f6bbi. Elk\u00f6telezett n\u00e9metek k\u00f6z\u00f6ss\u00e9g\u00e9nek \u00e9s kollekt\u00edv mozgalm\u00e1nak tekintj\u00fck magunkat, akik valamit meg akarnak v\u00e1ltoztatni az orsz\u00e1gunkban.<\/p>\n<p>Vil\u00e1goss\u00e1 akarjuk tenni a t\u00f6bbi p\u00e1rt sz\u00e1m\u00e1ra, hogy nem a demokr\u00e1ci\u00e1t b\u00e9relt\u00e9k ki maguknak. R\u00e9szt akarunk venni a politikai \u00e9letben, mert nem akarjuk, hogy N\u00e9metorsz\u00e1got a r\u00e9gi p\u00e1rtok kifossz\u00e1k. \u00c9s: \u00dajra igazs\u00e1got \u00e9s szolidarit\u00e1st akarunk az orsz\u00e1gban.<\/p>\n<p>Hissz\u00fck, hogy a jobb politik\u00e1hoz egy jobb vil\u00e1gk\u00e9pre is sz\u00fcks\u00e9g van, egy holisztikus elk\u00e9pzel\u00e9sre arr\u00f3l, hogy milyennek kellene lennie t\u00e1rsadalmunknak. Nem fogadjuk el, hogy N\u00e9metorsz\u00e1g csak egy l\u00e9lektelen \u201ehelysz\u00edn\u201d legyen a globaliz\u00e1lt vil\u00e1gban, \u00e9s hogy polg\u00e1rai csak \u00f6nk\u00e9nyesen mozgathat\u00f3 munkav\u00e1llal\u00f3k legyenek a vil\u00e1gm\u00e9ret\u0171 gazdas\u00e1gi \u00e9s szolg\u00e1ltat\u00e1si \u00e1raml\u00e1sok rendszer\u00e9ben.<\/p>\n<p><strong>V\u00e1ltoztassuk meg N\u00e9metorsz\u00e1got &#8211; most!<\/strong><\/p>\n<p>A bevett, cs\u0151d\u00f6t mond\u00f3 p\u00e1rtok kezdik felismerni, hogy egyre ink\u00e1bb kifogynak a lend\u00fcletb\u0151l. Mert egyre t\u00f6bb n\u00e9met ismeri fel, hogy vesztes lapokat osztottak nekik a hat\u00e1rok \u00e9s szoci\u00e1lis biztons\u00e1g n\u00e9lk\u00fcli globaliz\u00e1lt vil\u00e1gban &#8211; \u00e9ppen ez\u00e9rt van sz\u00fcks\u00e9g\u00fcnk egy olyan kollekt\u00edv mozgalomra, mint a DIE HEIMAT, amely nem csak egy p\u00e1rt. Ennek ellen\u00e9re a hat\u00f3s\u00e1gok \u00e9s az igazs\u00e1gszolg\u00e1ltat\u00e1s minden eszk\u00f6zzel &#8211; p\u00e9ld\u00e1ul p\u00e9nzelvon\u00e1ssal \u00e9s egy\u00e9b zaklat\u00e1ssal &#8211; megpr\u00f3b\u00e1lj\u00e1k megnehez\u00edteni az \u00e9let\u00fcnket.<\/p>\n<p>A legnagyobb \u00e9rt\u00e9k\u00fcnk azonban a szolidarit\u00e1s &#8211; k\u00f6z\u00f6ss\u00e9g\u00fcnk bels\u0151 koh\u00e9zi\u00f3ja, amely hossz\u00fa \u00e9vek \u00f3ta bizony\u00edtott. Eddig minden csap\u00e1s csak er\u0151sebb\u00e9 tett minket.<\/p>\n<p><strong>Mi vagyunk az emberek! (Wir sind das Volk)<\/strong><\/p>\n<p>T\u00e9ny, hogy a DIE HEIMAT ma m\u00e1r sz\u00e1mos helyi parlamentben k\u00e9pviselteti mag\u00e1t, \u00e9s a m\u00faltban t\u00f6bbsz\u00f6r is bizony\u00edtotta orsz\u00e1gos kamp\u00e1nyk\u00e9pess\u00e9g\u00e9t. Ma m\u00e1r j\u00f3 \u00faton haladunk afel\u00e9, hogy \u00f6sszefogjuk az orsz\u00e1g politikailag tudatos er\u0151it, \u00e9s hat\u00e9kony, modern n\u00e9pi mozgalmat alak\u00edtsunk ki a bevett, cs\u0151d\u00f6t mondott p\u00e1rtokkal szemben.<\/p>\n<p>Legyetek biztosak: am\u00edg a DIE HEIMAT l\u00e9tezik, addig ellen\u00e1ll n\u00e9p\u00fcnk feloszlat\u00e1s\u00e1nak \u00e9s l\u00e9tfontoss\u00e1g\u00fa \u00e9rdekeinek ki\u00e1rus\u00edt\u00e1s\u00e1nak. Nem fogjuk hagyni, hogy orsz\u00e1gunk a kuty\u00e1k el\u00e9 ker\u00fclj\u00f6n, \u00e9s t\u00f6rt\u00e9nelm\u00fcnk a b\u0171n\u00f6z\u00e9s rekordj\u00e1v\u00e1 v\u00e1ljon. \u00c9s: Megvan az, ami a r\u00e9gi p\u00e1rtokb\u00f3l m\u00e1r r\u00e9g\u00f3ta hi\u00e1nyzott: felel\u0151ss\u00e9gtudat, b\u00e1tors\u00e1g \u00e9s szak\u00e9rtelem.<\/p>\n<p>Meg\u00e9rett az id\u0151 a v\u00e1ltoz\u00e1sra. Ez\u00e9rt: Csatlakozzon k\u00f6z\u00f6ss\u00e9g\u00fcnkh\u00f6z most. N\u00e9metorsz\u00e1gnak sz\u00fcks\u00e9ge van r\u00e1nk.<\/p>\n<\/div>\n<\/div><\/div><\/div><\/div><\/div>\n","protected":false},"excerpt":{"rendered":"","protected":false},"author":1,"featured_media":0,"parent":0,"menu_order":0,"comment_status":"closed","ping_status":"closed","template":"","meta":{"footnotes":""},"class_list":["post-1153","page","type-page","status-publish","hentry"],"_links":{"self":[{"href":"https:\/\/die-heimat-thueringen.de\/hu\/wp-json\/wp\/v2\/pages\/1153","targetHints":{"allow":["GET"]}}],"collection":[{"href":"https:\/\/die-heimat-thueringen.de\/hu\/wp-json\/wp\/v2\/pages"}],"about":[{"href":"https:\/\/die-heimat-thueringen.de\/hu\/wp-json\/wp\/v2\/types\/page"}],"author":[{"embeddable":true,"href":"https:\/\/die-heimat-thueringen.de\/hu\/wp-json\/wp\/v2\/users\/1"}],"replies":[{"embeddable":true,"href":"https:\/\/die-heimat-thueringen.de\/hu\/wp-json\/wp\/v2\/comments?post=1153"}],"version-history":[{"count":2,"href":"https:\/\/die-heimat-thueringen.de\/hu\/wp-json\/wp\/v2\/pages\/1153\/revisions"}],"predecessor-version":[{"id":1155,"href":"https:\/\/die-heimat-thueringen.de\/hu\/wp-json\/wp\/v2\/pages\/1153\/revisions\/1155"}],"wp:attachment":[{"href":"https:\/\/die-heimat-thueringen.de\/hu\/wp-json\/wp\/v2\/media?parent=1153"}],"curies":[{"name":"wp","href":"https:\/\/api.w.org\/{rel}","templated":true}]}}