{"id":1161,"date":"2024-12-25T11:09:28","date_gmt":"2024-12-25T10:09:28","guid":{"rendered":"https:\/\/die-heimat-thueringen.de\/a-heimat-thueringen-igazgatotanacsa\/"},"modified":"2025-02-24T00:34:21","modified_gmt":"2025-02-23T23:34:21","slug":"a-heimat-thueringen-igazgatotanacsa","status":"publish","type":"page","link":"https:\/\/die-heimat-thueringen.de\/hu\/a-heimat-thueringen-igazgatotanacsa\/","title":{"rendered":"A \u201eHeimat Th\u00fcringen\u201d igazgat\u00f3tan\u00e1csa"},"content":{"rendered":"<p><div class=\"fusion-fullwidth fullwidth-box fusion-builder-row-1 fusion-flex-container has-pattern-background has-mask-background nonhundred-percent-fullwidth non-hundred-percent-height-scrolling gradient-container-1\" style=\"--awb-border-radius-top-left:0px;--awb-border-radius-top-right:0px;--awb-border-radius-bottom-right:0px;--awb-border-radius-bottom-left:0px;--awb-flex-wrap:wrap;\" ><div class=\"fusion-builder-row fusion-row fusion-flex-align-items-flex-start fusion-flex-content-wrap\" style=\"max-width:1404px;margin-left: calc(-4% \/ 2 );margin-right: calc(-4% \/ 2 );\"><div class=\"fusion-layout-column fusion_builder_column fusion-builder-column-0 fusion_builder_column_1_3 1_3 fusion-flex-column\" style=\"--awb-bg-size:cover;--awb-width-large:33.333333333333%;--awb-margin-top-large:0px;--awb-spacing-right-large:5.76%;--awb-margin-bottom-large:20px;--awb-spacing-left-large:5.76%;--awb-width-medium:33.333333333333%;--awb-order-medium:0;--awb-spacing-right-medium:5.76%;--awb-spacing-left-medium:5.76%;--awb-width-small:100%;--awb-order-small:0;--awb-spacing-right-small:1.92%;--awb-spacing-left-small:1.92%;\"><div class=\"fusion-column-wrapper fusion-column-has-shadow fusion-flex-justify-content-flex-start fusion-content-layout-column\"><div class=\"fusion-person person fusion-person-left fusion-person-1 fusion-person-icon-top\" style=\"--awb-pic-style-color:#000000;--awb-pic-borderradius:0px;--awb-margin-top:0px;--awb-margin-right:0px;--awb-margin-bottom:0px;--awb-margin-left:0px;--awb-social-box-border-top:0px;--awb-social-box-border-right:0px;--awb-social-box-border-bottom:0px;--awb-social-box-border-left:0px;--awb-social-box-border-color:var(--awb-color3);--awb-social-box-border-color-hover:var(--awb-color4);--awb-social-box-colors-hover:rgba(242,243,245,0.8);--awb-social-icon-boxed-colors:#f2f3f5;--awb-social-icon-colors:#9ea0a4;--awb-social-icon-colors-hover:rgba(158,160,164,0.8);\"><div class=\"person-shortcode-image-wrapper\"><div class=\"person-image-container hover-type-none\" style=\"border:0px solid #e2e2e2;-webkit-border-radius:0px;-moz-border-radius:0px;border-radius:0px;\"><img decoding=\"async\" class=\"person-img img-responsive wp-image-764\" width=\"960\" height=\"956\" src=\"https:\/\/die-heimat-thueringen.de\/wp-content\/uploads\/2024\/11\/442420581_413110628211714_6223918754722266615_n.jpg\" alt=\"Max-Joseph Matthie\u00df\" \/><\/div><\/div><div class=\"person-desc\"><div class=\"person-author\"><div class=\"person-author-wrapper\"><span class=\"person-name\">Max-Joseph Matthie\u00df<\/span><span class=\"person-title\">A \u201eHeimat Th\u00fcringen\u201d eln\u00f6ke<\/span><\/div><div class=\"fusion-social-networks\"><div class=\"fusion-social-networks-wrapper\"><a class=\"fusion-social-network-icon fusion-tooltip fusion-mail awb-icon-mail custom\" aria-label=\"fusion-mail\" href=\"mailto:m&#046;ma&#116;&#116;&#104;iess&#064;d&#105;e&#045;&#104;&#101;i&#109;&#097;&#116;-t&#104;&#117;&#101;ring&#101;&#110;&#046;&#100;&#101;\" target=\"_self\" style=\"color:#9ea0a4;font-size:16px;\" data-placement=\"top\" data-title=\"Mail\" title=\"Mail\" data-toggle=\"tooltip\"><\/a><\/div><\/div><\/div><div class=\"person-content fusion-clearfix\">A Hohenkirchenb\u0151l sz\u00e1rmaz\u00f3 Max-Joseph Matthie\u00df 2023 k\u00f6zepe \u00f3ta vezeti a gothai ker\u00fcleti sz\u00f6vets\u00e9get, 2024 szeptembere \u00f3ta pedig a Heimat Th\u00fcringen tartom\u00e1nyi eln\u00f6ke.<br \/>\nEmellett \u0151 ir\u00e1ny\u00edtja a th\u00fcringiai \u201eFiatal Nacionalist\u00e1k\u201d rendezv\u00e9nyeit is.<\/div><\/div><\/div><\/div><\/div><div class=\"fusion-layout-column fusion_builder_column fusion-builder-column-1 fusion_builder_column_1_3 1_3 fusion-flex-column\" style=\"--awb-bg-size:cover;--awb-width-large:33.333333333333%;--awb-margin-top-large:0px;--awb-spacing-right-large:5.76%;--awb-margin-bottom-large:20px;--awb-spacing-left-large:5.76%;--awb-width-medium:33.333333333333%;--awb-order-medium:0;--awb-spacing-right-medium:5.76%;--awb-spacing-left-medium:5.76%;--awb-width-small:100%;--awb-order-small:0;--awb-spacing-right-small:1.92%;--awb-spacing-left-small:1.92%;\"><div class=\"fusion-column-wrapper fusion-column-has-shadow fusion-flex-justify-content-flex-start fusion-content-layout-column\"><div class=\"fusion-person person fusion-person-left fusion-person-2 fusion-person-icon-top\" style=\"--awb-pic-style-color:#000000;--awb-pic-borderradius:0px;--awb-margin-top:0px;--awb-margin-right:0px;--awb-margin-bottom:0px;--awb-margin-left:0px;--awb-social-box-border-top:0px;--awb-social-box-border-right:0px;--awb-social-box-border-bottom:0px;--awb-social-box-border-left:0px;--awb-social-box-border-color:var(--awb-color3);--awb-social-box-border-color-hover:var(--awb-color4);--awb-social-box-colors-hover:rgba(242,243,245,0.8);--awb-social-icon-boxed-colors:#f2f3f5;--awb-social-icon-colors:#9ea0a4;--awb-social-icon-colors-hover:rgba(158,160,164,0.8);\"><div class=\"person-shortcode-image-wrapper\"><div class=\"person-image-container hover-type-none\" style=\"border:0px solid #e2e2e2;-webkit-border-radius:0px;-moz-border-radius:0px;border-radius:0px;\"><img decoding=\"async\" class=\"person-img img-responsive wp-image-796\" width=\"380\" height=\"380\" src=\"https:\/\/die-heimat-thueringen.de\/wp-content\/uploads\/2024\/12\/Neidlien_01.jpg\" alt=\"Alexander Neidlein\" \/><\/div><\/div><div class=\"person-desc\"><div class=\"person-author\"><div class=\"person-author-wrapper\"><span class=\"person-name\">Alexander Neidlein<\/span><span class=\"person-title\">Stv. A \u201eHeimat Th\u00fcringen\u201d eln\u00f6ke<\/span><\/div><div class=\"fusion-social-networks\"><div class=\"fusion-social-networks-wrapper\"><a class=\"fusion-social-network-icon fusion-tooltip fusion-mail awb-icon-mail custom\" aria-label=\"fusion-mail\" href=\"mailto:&#097;.&#110;&#101;&#105;d&#108;&#101;&#105;n&#064;&#100;ie&#045;&#104;eim&#097;t-th&#117;&#101;&#114;i&#110;&#103;&#101;n&#046;d&#101;\" target=\"_self\" style=\"color:#9ea0a4;font-size:16px;\" data-placement=\"top\" data-title=\"Mail\" title=\"Mail\" data-toggle=\"tooltip\"><\/a><\/div><\/div><\/div><div class=\"person-content fusion-clearfix\"><\/div><\/div><\/div><\/div><\/div><div class=\"fusion-layout-column fusion_builder_column fusion-builder-column-2 fusion_builder_column_1_3 1_3 fusion-flex-column\" style=\"--awb-bg-size:cover;--awb-width-large:33.333333333333%;--awb-margin-top-large:0px;--awb-spacing-right-large:5.76%;--awb-margin-bottom-large:20px;--awb-spacing-left-large:5.76%;--awb-width-medium:33.333333333333%;--awb-order-medium:0;--awb-spacing-right-medium:5.76%;--awb-spacing-left-medium:5.76%;--awb-width-small:100%;--awb-order-small:0;--awb-spacing-right-small:1.92%;--awb-spacing-left-small:1.92%;\"><div class=\"fusion-column-wrapper fusion-column-has-shadow fusion-flex-justify-content-flex-start fusion-content-layout-column\"><div class=\"fusion-person person fusion-person-left fusion-person-3 fusion-person-icon-top\" style=\"--awb-pic-style-color:#000000;--awb-pic-borderradius:0px;--awb-margin-top:0px;--awb-margin-right:0px;--awb-margin-bottom:0px;--awb-margin-left:0px;--awb-social-box-border-top:0px;--awb-social-box-border-right:0px;--awb-social-box-border-bottom:0px;--awb-social-box-border-left:0px;--awb-social-box-border-color:var(--awb-color3);--awb-social-box-border-color-hover:var(--awb-color4);--awb-social-box-colors-hover:rgba(242,243,245,0.8);--awb-social-icon-boxed-colors:#f2f3f5;--awb-social-icon-colors:#9ea0a4;--awb-social-icon-colors-hover:rgba(158,160,164,0.8);\"><div class=\"person-shortcode-image-wrapper\"><div class=\"person-image-container hover-type-none\" style=\"border:0px solid #e2e2e2;-webkit-border-radius:0px;-moz-border-radius:0px;border-radius:0px;\"><img decoding=\"async\" class=\"person-img img-responsive wp-image-836\" width=\"380\" height=\"380\" src=\"https:\/\/die-heimat-thueringen.de\/wp-content\/uploads\/2024\/12\/weber-01.jpg\" alt=\"Patrick Weber\" \/><\/div><\/div><div class=\"person-desc\"><div class=\"person-author\"><div class=\"person-author-wrapper\"><span class=\"person-name\">Patrick Weber<\/span><span class=\"person-title\">\u00c1llami kincst\u00e1rnok (Heimat Th\u00fcringen)<\/span><\/div><div class=\"fusion-social-networks\"><div class=\"fusion-social-networks-wrapper\"><a class=\"fusion-social-network-icon fusion-tooltip fusion-mail awb-icon-mail custom\" aria-label=\"fusion-mail\" href=\"mailto:p.weber&#064;d&#105;&#101;-&#104;&#101;&#105;&#109;&#097;t&#045;t&#104;&#117;&#101;&#114;&#105;&#110;&#103;e&#110;.de\" target=\"_self\" style=\"color:#9ea0a4;font-size:16px;\" data-placement=\"top\" data-title=\"Mail\" title=\"Mail\" data-toggle=\"tooltip\"><\/a><\/div><\/div><\/div><div class=\"person-content fusion-clearfix\">A Sonderhausenb\u0151l sz\u00e1rmaz\u00f3 v\u00e1llalkoz\u00f3 \u00e9s k\u00e9tgyermekes csal\u00e1dapa a Kyffh\u00e4userkreis \u201eDer Heimat\u201d j\u00e1r\u00e1si sz\u00f6vets\u00e9g vezet\u0151je, \u00e9s 2009 \u00f3ta tagja a sondershauseni v\u00e1rosi tan\u00e1csnak, ahol a gazdas\u00e1gi bizotts\u00e1gban is helyet foglal. <\/div><\/div><\/div><\/div><\/div><\/div><\/div><div class=\"fusion-fullwidth fullwidth-box fusion-builder-row-2 fusion-flex-container has-pattern-background has-mask-background nonhundred-percent-fullwidth non-hundred-percent-height-scrolling gradient-container-2\" style=\"--awb-border-radius-top-left:0px;--awb-border-radius-top-right:0px;--awb-border-radius-bottom-right:0px;--awb-border-radius-bottom-left:0px;--awb-flex-wrap:wrap;\" ><div class=\"fusion-builder-row fusion-row fusion-flex-align-items-flex-start fusion-flex-content-wrap\" style=\"max-width:1404px;margin-left: calc(-4% \/ 2 );margin-right: calc(-4% \/ 2 );\"><div class=\"fusion-layout-column fusion_builder_column fusion-builder-column-3 fusion_builder_column_1_3 1_3 fusion-flex-column\" style=\"--awb-bg-size:cover;--awb-width-large:33.333333333333%;--awb-margin-top-large:0px;--awb-spacing-right-large:5.76%;--awb-margin-bottom-large:20px;--awb-spacing-left-large:5.76%;--awb-width-medium:33.333333333333%;--awb-order-medium:0;--awb-spacing-right-medium:5.76%;--awb-spacing-left-medium:5.76%;--awb-width-small:100%;--awb-order-small:0;--awb-spacing-right-small:1.92%;--awb-spacing-left-small:1.92%;\"><div class=\"fusion-column-wrapper fusion-column-has-shadow fusion-flex-justify-content-flex-start fusion-content-layout-column\"><div class=\"fusion-person person fusion-person-left fusion-person-4 fusion-person-icon-top\" style=\"--awb-pic-style-color:#000000;--awb-pic-borderradius:0px;--awb-margin-top:0px;--awb-margin-right:0px;--awb-margin-bottom:0px;--awb-margin-left:0px;--awb-social-box-border-top:0px;--awb-social-box-border-right:0px;--awb-social-box-border-bottom:0px;--awb-social-box-border-left:0px;--awb-social-box-border-color:var(--awb-color3);--awb-social-box-border-color-hover:var(--awb-color4);--awb-social-box-colors-hover:rgba(242,243,245,0.8);--awb-social-icon-boxed-colors:#f2f3f5;--awb-social-icon-colors:#9ea0a4;--awb-social-icon-colors-hover:rgba(158,160,164,0.8);\"><div class=\"person-shortcode-image-wrapper\"><div class=\"person-image-container hover-type-none\" style=\"border:0px solid #e2e2e2;-webkit-border-radius:0px;-moz-border-radius:0px;border-radius:0px;\"><img decoding=\"async\" class=\"person-img img-responsive wp-image-900\" width=\"380\" height=\"380\" src=\"https:\/\/die-heimat-thueringen.de\/wp-content\/uploads\/2024\/12\/Suessbier02.jpg\" alt=\"Peter S\u00fc\u00dfbier\" srcset=\"https:\/\/die-heimat-thueringen.de\/wp-content\/uploads\/2024\/12\/Suessbier02-200x200.jpg 200w, https:\/\/die-heimat-thueringen.de\/wp-content\/uploads\/2024\/12\/Suessbier02.jpg 380w\" sizes=\"(max-width: 640px) 100vw, 380px\" \/><\/div><\/div><div class=\"person-desc\"><div class=\"person-author\"><div class=\"person-author-wrapper\"><span class=\"person-name\">Peter S\u00fc\u00dfbier<\/span><span class=\"person-title\">Az Igazgat\u00f3s\u00e1g tagja<\/span><\/div><div class=\"fusion-social-networks\"><div class=\"fusion-social-networks-wrapper\"><a class=\"fusion-social-network-icon fusion-tooltip fusion-mail awb-icon-mail custom\" aria-label=\"fusion-mail\" href=\"mailto:p.&#115;ue&#115;sb&#105;e&#114;&#064;&#100;&#105;&#101;&#045;heimat-&#116;hue&#114;&#105;&#110;g&#101;n.d&#101;\" target=\"_self\" style=\"color:#9ea0a4;font-size:16px;\" data-placement=\"top\" data-title=\"Mail\" title=\"Mail\" data-toggle=\"tooltip\"><\/a><\/div><\/div><\/div><div class=\"person-content fusion-clearfix\">Sz\u00fcletett 1973<\/p>\n<p>Peter S\u00fc\u00dfbier 2011-es p\u00e1rttags\u00e1ga \u00f3ta mindig is akt\u00edvan r\u00e9szt vett a p\u00e1rt munk\u00e1j\u00e1ban, el\u0151sz\u00f6r a Gifhorn-Wolfsburgi alker\u00fclet p\u00e9nzt\u00e1rosak\u00e9nt, 2013-t\u00f3l pedig Als\u00f3-Sz\u00e1szorsz\u00e1g tiszteletbeli tartom\u00e1nyi p\u00e9nzt\u00e1rosa is volt. 2015 \u00f3ta a \u201eHeimat Th\u00fcringen\u201d eln\u00f6ks\u00e9gi tagja). 2015-ben Wolfsburgb\u00f3l a th\u00fcringiai Eichsfeldbe, \u00faj otthon\u00e1ba k\u00f6lt\u00f6z\u00f6tt. A gy\u00f6ny\u00f6r\u0171 t\u00e1jak \u00e9s az eichsfeldiek ny\u00edlt n\u00e9met term\u00e9szete m\u00e9g ma is leny\u0171g\u00f6zi. Ezzel a motiv\u00e1ci\u00f3val pr\u00f3b\u00e1lja meg\u0151rizni a r\u00e9gi\u00f3 egyedi jelleg\u00e9t, \u00e9s a sz\u00f6vets\u00e9gi korm\u00e1ny jelenlegi menek\u00fcltpolitik\u00e1j\u00e1t helytelennek \u00e9s haz\u00e1nk j\u00f6v\u0151je szempontj\u00e1b\u00f3l s\u00falyosnak tartja. A \u201eHeimat Th\u00fcringen\u201d-n\u00e9l a ker\u00fcleti sz\u00f6vets\u00e9gek szervez\u00e9si \u00e9s adminisztrat\u00edv t\u00e1mogat\u00e1s\u00e1\u00e9rt felel\u0151s.<\/div><\/div><\/div><\/div><\/div><div class=\"fusion-layout-column fusion_builder_column fusion-builder-column-4 fusion_builder_column_1_3 1_3 fusion-flex-column\" style=\"--awb-bg-size:cover;--awb-width-large:33.333333333333%;--awb-margin-top-large:0px;--awb-spacing-right-large:5.76%;--awb-margin-bottom-large:20px;--awb-spacing-left-large:5.76%;--awb-width-medium:33.333333333333%;--awb-order-medium:0;--awb-spacing-right-medium:5.76%;--awb-spacing-left-medium:5.76%;--awb-width-small:100%;--awb-order-small:0;--awb-spacing-right-small:1.92%;--awb-spacing-left-small:1.92%;\"><div class=\"fusion-column-wrapper fusion-column-has-shadow fusion-flex-justify-content-flex-start fusion-content-layout-column\"><div class=\"fusion-person person fusion-person-left fusion-person-5 fusion-person-icon-top\" style=\"--awb-pic-style-color:#000000;--awb-pic-borderradius:0px;--awb-margin-top:0px;--awb-margin-right:0px;--awb-margin-bottom:0px;--awb-margin-left:0px;--awb-social-box-border-top:0px;--awb-social-box-border-right:0px;--awb-social-box-border-bottom:0px;--awb-social-box-border-left:0px;--awb-social-box-border-color:var(--awb-color3);--awb-social-box-border-color-hover:var(--awb-color4);--awb-social-box-colors-hover:rgba(242,243,245,0.8);--awb-social-icon-boxed-colors:#f2f3f5;--awb-social-icon-colors:#9ea0a4;--awb-social-icon-colors-hover:rgba(158,160,164,0.8);\"><div class=\"person-shortcode-image-wrapper\"><div class=\"person-image-container hover-type-none\" style=\"border:0px solid #e2e2e2;-webkit-border-radius:0px;-moz-border-radius:0px;border-radius:0px;\"><img decoding=\"async\" class=\"person-img img-responsive wp-image-800\" width=\"380\" height=\"380\" src=\"https:\/\/die-heimat-thueringen.de\/wp-content\/uploads\/2024\/12\/Brater-01.jpg\" alt=\"Christian Br\u00e4ter\" \/><\/div><\/div><div class=\"person-desc\"><div class=\"person-author\"><div class=\"person-author-wrapper\"><span class=\"person-name\">Christian Br\u00e4ter<\/span><span class=\"person-title\">Az Igazgat\u00f3s\u00e1g tagja<\/span><\/div><\/div><div class=\"person-content fusion-clearfix\">\nSz\u00fcletett 1985-ben, irodai dolgoz\u00f3<\/p>\n<p>Az arterni Christian Br\u00e4ter \u00e9vek \u00f3ta politikailag akt\u00edv, \u00e9s most a helyi parlamentben is kamp\u00e1nyol sz\u00fcl\u0151v\u00e1rosa lak\u00f3i\u00e9rt az arterni v\u00e1rosi tan\u00e1csban. A region\u00e1lis eln\u00f6ks\u00e9gben v\u00e9gzett munk\u00e1ja mellett a Kyffh\u00e4userkreis j\u00e1r\u00e1si sz\u00f6vets\u00e9g kincst\u00e1rnoka is.<\/div><\/div><\/div><\/div><\/div><div class=\"fusion-layout-column fusion_builder_column fusion-builder-column-5 fusion_builder_column_1_3 1_3 fusion-flex-column\" style=\"--awb-bg-size:cover;--awb-width-large:33.333333333333%;--awb-margin-top-large:0px;--awb-spacing-right-large:5.76%;--awb-margin-bottom-large:20px;--awb-spacing-left-large:5.76%;--awb-width-medium:33.333333333333%;--awb-order-medium:0;--awb-spacing-right-medium:5.76%;--awb-spacing-left-medium:5.76%;--awb-width-small:100%;--awb-order-small:0;--awb-spacing-right-small:1.92%;--awb-spacing-left-small:1.92%;\"><div class=\"fusion-column-wrapper fusion-column-has-shadow fusion-flex-justify-content-flex-start fusion-content-layout-column\"><div class=\"fusion-person person fusion-person-left fusion-person-6 fusion-person-icon-top\" style=\"--awb-pic-style-color:#000000;--awb-pic-borderradius:0px;--awb-margin-top:0px;--awb-margin-right:0px;--awb-margin-bottom:0px;--awb-margin-left:0px;--awb-social-box-border-top:0px;--awb-social-box-border-right:0px;--awb-social-box-border-bottom:0px;--awb-social-box-border-left:0px;--awb-social-box-border-color:var(--awb-color3);--awb-social-box-border-color-hover:var(--awb-color4);--awb-social-box-colors-hover:rgba(242,243,245,0.8);--awb-social-icon-boxed-colors:#f2f3f5;--awb-social-icon-colors:#9ea0a4;--awb-social-icon-colors-hover:rgba(158,160,164,0.8);\"><div class=\"person-shortcode-image-wrapper\"><div class=\"person-image-container hover-type-none\" style=\"border:0px solid #e2e2e2;-webkit-border-radius:0px;-moz-border-radius:0px;border-radius:0px;\"><img decoding=\"async\" class=\"person-img img-responsive wp-image-802\" width=\"380\" height=\"380\" src=\"https:\/\/die-heimat-thueringen.de\/wp-content\/uploads\/2024\/12\/Rehberg-01.jpg\" alt=\"Phillip Rethberg\" \/><\/div><\/div><div class=\"person-desc\"><div class=\"person-author\"><div class=\"person-author-wrapper\"><span class=\"person-name\">Phillip Rethberg<\/span><span class=\"person-title\">Az Igazgat\u00f3s\u00e1g tagja<\/span><\/div><\/div><div class=\"person-content fusion-clearfix\">1986-ban sz\u00fcletett, v\u00e9delmi \u00e9s biztons\u00e1gi szakember<\/p>\n<p>A n\u00e9gygyermekes s\u00f6mmerdai csal\u00e1dapa 2015 \u00f3ta tagja a \u201eHeimat Th\u00fcringen\u201d tartom\u00e1nyi eln\u00f6ks\u00e9g\u00e9nek. A Rethberg gondoskodik a helyi v\u00e1lasztott k\u00e9pvisel\u0151kr\u0151l, \u00e9s \u00f6tleteket \u00e9s javaslatokat ad a helyi parlamentekben t\u00f6rt\u00e9n\u0151 megkeres\u00e9sekhez \u00e9s az azokb\u00f3l ered\u0151 ind\u00edtv\u00e1nyokhoz.<\/div><\/div><\/div><\/div><\/div><\/div><\/div><div class=\"fusion-fullwidth fullwidth-box fusion-builder-row-3 fusion-flex-container has-pattern-background has-mask-background nonhundred-percent-fullwidth non-hundred-percent-height-scrolling gradient-container-3\" style=\"--awb-border-radius-top-left:0px;--awb-border-radius-top-right:0px;--awb-border-radius-bottom-right:0px;--awb-border-radius-bottom-left:0px;--awb-flex-wrap:wrap;\" ><div class=\"fusion-builder-row fusion-row fusion-flex-align-items-flex-start fusion-flex-content-wrap\" style=\"max-width:1404px;margin-left: calc(-4% \/ 2 );margin-right: calc(-4% \/ 2 );\"><div class=\"fusion-layout-column fusion_builder_column fusion-builder-column-6 fusion_builder_column_1_1 1_1 fusion-flex-column\" style=\"--awb-bg-size:cover;--awb-width-large:100%;--awb-margin-top-large:0px;--awb-spacing-right-large:1.92%;--awb-margin-bottom-large:20px;--awb-spacing-left-large:1.92%;--awb-width-medium:100%;--awb-order-medium:0;--awb-spacing-right-medium:1.92%;--awb-spacing-left-medium:1.92%;--awb-width-small:100%;--awb-order-small:0;--awb-spacing-right-small:1.92%;--awb-spacing-left-small:1.92%;\"><div class=\"fusion-column-wrapper fusion-column-has-shadow fusion-flex-justify-content-flex-start fusion-content-layout-column\"><div class=\"fusion-title title fusion-title-1 fusion-title-text fusion-title-size-one\" style=\"--awb-margin-top-small:10px;--awb-margin-right-small:0px;--awb-margin-bottom-small:10px;--awb-margin-left-small:0px;\"><div class=\"title-sep-container title-sep-container-left fusion-no-large-visibility fusion-no-medium-visibility fusion-no-small-visibility\"><div class=\"title-sep sep-double sep-solid\" style=\"border-color:#e2e2e2;\"><\/div><\/div><span class=\"awb-title-spacer fusion-no-large-visibility fusion-no-medium-visibility fusion-no-small-visibility\"><\/span><h1 class=\"fusion-title-heading title-heading-left\" style=\"margin:0;\">A \u201eHeimat Th\u00fcringen\u201d p\u00e1rt egy\u00e9b szem\u00e9lyis\u00e9gei<\/h1><span class=\"awb-title-spacer\"><\/span><div class=\"title-sep-container title-sep-container-right\"><div class=\"title-sep sep-double sep-solid\" style=\"border-color:#e2e2e2;\"><\/div><\/div><\/div><\/div><\/div><\/div><\/div><div class=\"fusion-fullwidth fullwidth-box fusion-builder-row-4 fusion-flex-container has-pattern-background has-mask-background nonhundred-percent-fullwidth non-hundred-percent-height-scrolling gradient-container-4\" style=\"--awb-border-radius-top-left:0px;--awb-border-radius-top-right:0px;--awb-border-radius-bottom-right:0px;--awb-border-radius-bottom-left:0px;--awb-flex-wrap:wrap;\" ><div class=\"fusion-builder-row fusion-row fusion-flex-align-items-flex-start fusion-flex-content-wrap\" style=\"max-width:1404px;margin-left: calc(-4% \/ 2 );margin-right: calc(-4% \/ 2 );\"><div class=\"fusion-layout-column fusion_builder_column fusion-builder-column-7 fusion_builder_column_1_3 1_3 fusion-flex-column\" style=\"--awb-bg-size:cover;--awb-width-large:33.333333333333%;--awb-margin-top-large:0px;--awb-spacing-right-large:5.76%;--awb-margin-bottom-large:20px;--awb-spacing-left-large:5.76%;--awb-width-medium:33.333333333333%;--awb-order-medium:0;--awb-spacing-right-medium:5.76%;--awb-spacing-left-medium:5.76%;--awb-width-small:100%;--awb-order-small:0;--awb-spacing-right-small:1.92%;--awb-spacing-left-small:1.92%;\"><div class=\"fusion-column-wrapper fusion-column-has-shadow fusion-flex-justify-content-flex-start fusion-content-layout-column\"><\/div><\/div><div class=\"fusion-layout-column fusion_builder_column fusion-builder-column-8 fusion_builder_column_1_3 1_3 fusion-flex-column\" style=\"--awb-bg-size:cover;--awb-width-large:33.333333333333%;--awb-margin-top-large:0px;--awb-spacing-right-large:5.76%;--awb-margin-bottom-large:20px;--awb-spacing-left-large:5.76%;--awb-width-medium:33.333333333333%;--awb-order-medium:0;--awb-spacing-right-medium:5.76%;--awb-spacing-left-medium:5.76%;--awb-width-small:100%;--awb-order-small:0;--awb-spacing-right-small:1.92%;--awb-spacing-left-small:1.92%;\"><div class=\"fusion-column-wrapper fusion-column-has-shadow fusion-flex-justify-content-flex-start fusion-content-layout-column\"><div class=\"fusion-person person fusion-person-left fusion-person-7 fusion-person-icon-top\" style=\"--awb-pic-style-color:#000000;--awb-pic-borderradius:0px;--awb-margin-top:0px;--awb-margin-right:0px;--awb-margin-bottom:0px;--awb-margin-left:0px;--awb-social-box-border-top:0px;--awb-social-box-border-right:0px;--awb-social-box-border-bottom:0px;--awb-social-box-border-left:0px;--awb-social-box-border-color:var(--awb-color3);--awb-social-box-border-color-hover:var(--awb-color4);--awb-social-box-colors-hover:rgba(242,243,245,0.8);--awb-social-icon-boxed-colors:#f2f3f5;--awb-social-icon-colors:#9ea0a4;--awb-social-icon-colors-hover:rgba(158,160,164,0.8);\"><div class=\"person-shortcode-image-wrapper\"><div class=\"person-image-container hover-type-none\" style=\"border:0px solid #e2e2e2;-webkit-border-radius:0px;-moz-border-radius:0px;border-radius:0px;\"><img decoding=\"async\" class=\"person-img img-responsive wp-image-838\" width=\"380\" height=\"380\" src=\"https:\/\/die-heimat-thueringen.de\/wp-content\/uploads\/2024\/12\/Schwerdt-01.jpg\" alt=\"Frank Schwerdt\" \/><\/div><\/div><div class=\"person-desc\"><div class=\"person-author\"><div class=\"person-author-wrapper\"><span class=\"person-name\">Frank Schwerdt<\/span><span class=\"person-title\">Tiszteletbeli eln\u00f6k<\/span><\/div><\/div><div class=\"person-content fusion-clearfix\">1944-ben sz\u00fcletett, okleveles f\u00f6ldm\u00e9r\u0151 m\u00e9rn\u00f6k.<br \/>\nElhunyt 2016<\/div><\/div><\/div><\/div><\/div><div class=\"fusion-layout-column fusion_builder_column fusion-builder-column-9 fusion_builder_column_1_3 1_3 fusion-flex-column\" style=\"--awb-bg-size:cover;--awb-width-large:33.333333333333%;--awb-margin-top-large:0px;--awb-spacing-right-large:5.76%;--awb-margin-bottom-large:20px;--awb-spacing-left-large:5.76%;--awb-width-medium:33.333333333333%;--awb-order-medium:0;--awb-spacing-right-medium:5.76%;--awb-spacing-left-medium:5.76%;--awb-width-small:100%;--awb-order-small:0;--awb-spacing-right-small:1.92%;--awb-spacing-left-small:1.92%;\"><div class=\"fusion-column-wrapper fusion-column-has-shadow fusion-flex-justify-content-flex-start fusion-content-layout-column\"><\/div><\/div><\/div><\/div><\/p>\n","protected":false},"excerpt":{"rendered":"","protected":false},"author":1,"featured_media":0,"parent":0,"menu_order":0,"comment_status":"closed","ping_status":"closed","template":"","meta":{"footnotes":""},"class_list":["post-1161","page","type-page","status-publish","hentry"],"_links":{"self":[{"href":"https:\/\/die-heimat-thueringen.de\/hu\/wp-json\/wp\/v2\/pages\/1161","targetHints":{"allow":["GET"]}}],"collection":[{"href":"https:\/\/die-heimat-thueringen.de\/hu\/wp-json\/wp\/v2\/pages"}],"about":[{"href":"https:\/\/die-heimat-thueringen.de\/hu\/wp-json\/wp\/v2\/types\/page"}],"author":[{"embeddable":true,"href":"https:\/\/die-heimat-thueringen.de\/hu\/wp-json\/wp\/v2\/users\/1"}],"replies":[{"embeddable":true,"href":"https:\/\/die-heimat-thueringen.de\/hu\/wp-json\/wp\/v2\/comments?post=1161"}],"version-history":[{"count":10,"href":"https:\/\/die-heimat-thueringen.de\/hu\/wp-json\/wp\/v2\/pages\/1161\/revisions"}],"predecessor-version":[{"id":1390,"href":"https:\/\/die-heimat-thueringen.de\/hu\/wp-json\/wp\/v2\/pages\/1161\/revisions\/1390"}],"wp:attachment":[{"href":"https:\/\/die-heimat-thueringen.de\/hu\/wp-json\/wp\/v2\/media?parent=1161"}],"curies":[{"name":"wp","href":"https:\/\/api.w.org\/{rel}","templated":true}]}}