{"id":1640,"date":"2025-01-15T14:03:39","date_gmt":"2025-01-15T13:03:39","guid":{"rendered":"https:\/\/die-heimat-thueringen.de\/mach-mit\/"},"modified":"2025-08-08T14:06:26","modified_gmt":"2025-08-08T12:06:26","slug":"mach-mit","status":"publish","type":"page","link":"https:\/\/die-heimat-thueringen.de\/hu\/mach-mit\/","title":{"rendered":"csatlakozzanak"},"content":{"rendered":"<div class=\"fusion-fullwidth fullwidth-box fusion-builder-row-1 fusion-flex-container has-pattern-background has-mask-background nonhundred-percent-fullwidth non-hundred-percent-height-scrolling gradient-container-1\" style=\"--awb-border-radius-top-left:0px;--awb-border-radius-top-right:0px;--awb-border-radius-bottom-right:0px;--awb-border-radius-bottom-left:0px;--awb-flex-wrap:wrap;\" ><div class=\"fusion-builder-row fusion-row fusion-flex-align-items-flex-start fusion-flex-content-wrap\" style=\"max-width:1404px;margin-left: calc(-4% \/ 2 );margin-right: calc(-4% \/ 2 );\"><div class=\"fusion-layout-column fusion_builder_column fusion-builder-column-0 fusion_builder_column_1_2 1_2 fusion-flex-column\" style=\"--awb-bg-size:cover;--awb-width-large:50%;--awb-margin-top-large:0px;--awb-spacing-right-large:3.84%;--awb-margin-bottom-large:20px;--awb-spacing-left-large:3.84%;--awb-width-medium:50%;--awb-order-medium:0;--awb-spacing-right-medium:3.84%;--awb-spacing-left-medium:3.84%;--awb-width-small:100%;--awb-order-small:0;--awb-spacing-right-small:1.92%;--awb-spacing-left-small:1.92%;\"><div class=\"fusion-column-wrapper fusion-column-has-shadow fusion-flex-justify-content-flex-start fusion-content-layout-column\"><div class=\"fusion-text fusion-text-1\"><p><img decoding=\"async\" class=\"alignleft wp-image-633 size-fusion-200\" src=\"https:\/\/die-heimat-thueringen.de\/wp-content\/uploads\/2025\/01\/Peter_Schreiber-200x248.jpg\" alt=\"\" width=\"200\" height=\"248\" srcset=\"https:\/\/die-heimat-thueringen.de\/wp-content\/uploads\/2025\/01\/Peter_Schreiber-200x248.jpg 200w, https:\/\/die-heimat-thueringen.de\/wp-content\/uploads\/2025\/01\/Peter_Schreiber-242x300.jpg 242w, https:\/\/die-heimat-thueringen.de\/wp-content\/uploads\/2025\/01\/Peter_Schreiber-400x495.jpg 400w, https:\/\/die-heimat-thueringen.de\/wp-content\/uploads\/2025\/01\/Peter_Schreiber.jpg 500w\" sizes=\"(max-width: 200px) 100vw, 200px\" \/>Kedves polg\u00e1rt\u00e1rsaim!<\/p>\n<p>Sz\u00edv\u00e9lyesen megh\u00edvjuk \u00d6nt, hogy legyen tagja a legnagyobb n\u00e9metorsz\u00e1gi nemzeti ellenz\u00e9ki p\u00e1rtunknak. Az \u00d6n tags\u00e1ga \u00e9rt\u00e9kes hozz\u00e1j\u00e1rul\u00e1st jelent ahhoz, hogy ne csak a legnagyobb ellenz\u00e9ki p\u00e1rt maradjunk, hanem jelent\u0151s parlamenti er\u0151v\u00e9 v\u00e1ljunk, amely ellens\u00falyt k\u00e9pez a m\u00e1r befutott nemzetk\u00f6zi p\u00e1rtokkal szemben. Az \u00d6n hangja lehet\u0151s\u00e9get ad arra, hogy k\u00e9pviselj\u00fck a n\u00e9met \u00e9rdekeket \u00e9s aggodalmakat, \u00e9s biztos\u00edtsuk, hogy meghallgat\u00e1sra tal\u00e1ljanak. K\u00f6z\u00f6sen k\u00eds\u00e9rhetj\u00fck v\u00e9gig az orsz\u00e1gunkban zajl\u00f3 fontos bels\u0151 \u00e9s k\u00fcls\u0151 folyamatokat.   <\/p>\n<p>Tagk\u00e9nt hazafias emberek helyi h\u00e1l\u00f3zat\u00e1t tal\u00e1lja meg, akik t\u00e1rt karokkal fogadj\u00e1k \u00d6nt. Sz\u00edv\u00e9lyesen megh\u00edvjuk \u00d6nt, hogy vegyen r\u00e9szt rendezv\u00e9nyeken \u00e9s tal\u00e1lkoz\u00f3kon, cser\u00e9ljen eszm\u00e9t \u00e9s tapasztalja meg a bajt\u00e1rsiass\u00e1got. K\u00fcl\u00f6nleges aj\u00e1nlatokat \u00e9s kedvezm\u00e9nyeket is ig\u00e9nybe vehet. K\u00f6z\u00f6ss\u00e9g\u00fcnk r\u00e9szek\u00e9nt olyan emberekre tal\u00e1l, akik osztj\u00e1k az \u00d6n \u00e9rt\u00e9keit \u00e9s \u00e9letelveit. Egy globaliz\u00e1lt korban mi egy darab otthont k\u00edn\u00e1lunk \u00d6nnek.    <\/p>\n<p>Alig v\u00e1rom, hogy hamarosan \u00fcdv\u00f6z\u00f6lhess\u00fck sorainkban.<\/p>\n<p>\u00dcdv\u00f6zlettel,<br \/>\nPeter Schreiber<\/p>\n<\/div><div class=\"fusion-text fusion-text-2\"><a href=\"https:\/\/die-heimat-thueringen.de\/wp-content\/uploads\/2025\/08\/Flyer-Thueringen2025.pdf\" class=\"pdfemb-viewer\" style=\"\" data-width=\"max\" data-height=\"max\" data-toolbar=\"both\" data-toolbar-fixed=\"on\">Flyer-Thueringen2025<\/a>\n<\/div><\/div><\/div><div class=\"fusion-layout-column fusion_builder_column fusion-builder-column-1 fusion_builder_column_1_2 1_2 fusion-flex-column\" style=\"--awb-bg-size:cover;--awb-width-large:50%;--awb-margin-top-large:0px;--awb-spacing-right-large:3.84%;--awb-margin-bottom-large:20px;--awb-spacing-left-large:3.84%;--awb-width-medium:50%;--awb-order-medium:0;--awb-spacing-right-medium:3.84%;--awb-spacing-left-medium:3.84%;--awb-width-small:100%;--awb-order-small:0;--awb-spacing-right-small:1.92%;--awb-spacing-left-small:1.92%;\"><div class=\"fusion-column-wrapper fusion-column-has-shadow fusion-flex-justify-content-flex-start fusion-content-layout-column\"><div class=\"fusion-form fusion-form-builder fusion-form-form-wrapper fusion-form-1644\" style=\"--awb-tooltip-text-color:#ffffff;--awb-tooltip-background-color:#333333;\" data-form-id=\"1644\" data-config=\"{&quot;form_id&quot;:1644,&quot;form_post_id&quot;:1644,&quot;post_id&quot;:1640,&quot;form_type&quot;:&quot;ajax&quot;,&quot;confirmation_type&quot;:&quot;message&quot;,&quot;redirect_url&quot;:&quot;&quot;,&quot;redirect_timeout&quot;:&quot;0&quot;,&quot;field_labels&quot;:{&quot;name&quot;:&quot;Nev&quot;,&quot;strasse_und_hausnummer:&quot;:&quot;Utca \\u00e9s h\\u00e1zsz\\u00e1m:&quot;,&quot;plz_und_ort:&quot;:&quot;Ir\\u00e1ny\\u00edt\\u00f3sz\\u00e1m \\u00e9s telep\\u00fcl\\u00e9s:&quot;,&quot;email&quot;:&quot;eMail&quot;,&quot;telefon-nr:&quot;:&quot;Telefonsz\\u00e1m:&quot;,&quot;grund&quot;:&quot;Az \\u00d6n aggodalma:&quot;,&quot;ihre_nachricht:&quot;:&quot;Az \\u00d6n \\u00fczenete nek\\u00fcnk:&quot;},&quot;field_logics&quot;:{&quot;name&quot;:&quot;&quot;,&quot;strasse_und_hausnummer:&quot;:&quot;&quot;,&quot;plz_und_ort:&quot;:&quot;&quot;,&quot;email&quot;:&quot;&quot;,&quot;telefon-nr:&quot;:&quot;[]&quot;,&quot;grund&quot;:&quot;&quot;,&quot;ihre_nachricht:&quot;:&quot;&quot;,&quot;submit_1&quot;:&quot;&quot;},&quot;field_types&quot;:{&quot;name&quot;:&quot;text&quot;,&quot;strasse_und_hausnummer:&quot;:&quot;text&quot;,&quot;plz_und_ort:&quot;:&quot;text&quot;,&quot;email&quot;:&quot;email&quot;,&quot;telefon-nr:&quot;:&quot;phone_number&quot;,&quot;grund&quot;:&quot;radio&quot;,&quot;ihre_nachricht:&quot;:&quot;textarea&quot;,&quot;recaptcha_1&quot;:&quot;recaptcha&quot;,&quot;submit_1&quot;:&quot;submit&quot;},&quot;nonce_method&quot;:&quot;ajax&quot;,&quot;form_views&quot;:&quot;ajax&quot;,&quot;form_views_counting&quot;:&quot;all&quot;}\"><form action=\"https:\/\/die-heimat-thueringen.de\/hu\/mach-mit\/\" method=\"post\" class=\"fusion-form fusion-form-1644\"><div class=\"fusion-fullwidth fullwidth-box fusion-builder-row-1-1 fusion-flex-container has-pattern-background has-mask-background nonhundred-percent-fullwidth non-hundred-percent-height-scrolling gradient-container-2\" style=\"--awb-border-radius-top-left:0px;--awb-border-radius-top-right:0px;--awb-border-radius-bottom-right:0px;--awb-border-radius-bottom-left:0px;--awb-flex-wrap:wrap;\" ><div class=\"fusion-builder-row fusion-row fusion-flex-align-items-flex-start fusion-flex-content-wrap\" style=\"width:104% !important;max-width:104% !important;margin-left: calc(-4% \/ 2 );margin-right: calc(-4% \/ 2 );\"><div class=\"fusion-layout-column fusion_builder_column fusion-builder-column-2 fusion_builder_column_1_1 1_1 fusion-flex-column\" style=\"--awb-bg-size:cover;--awb-width-large:100%;--awb-flex-grow:0;--awb-flex-shrink:0;--awb-margin-top-large:0px;--awb-spacing-right-large:1.92%;--awb-margin-bottom-large:20px;--awb-spacing-left-large:1.92%;--awb-width-medium:100%;--awb-order-medium:0;--awb-flex-grow-medium:0;--awb-flex-shrink-medium:0;--awb-spacing-right-medium:1.92%;--awb-spacing-left-medium:1.92%;--awb-width-small:100%;--awb-order-small:0;--awb-flex-grow-small:0;--awb-flex-shrink-small:0;--awb-spacing-right-small:1.92%;--awb-spacing-left-small:1.92%;\"><div class=\"fusion-column-wrapper fusion-column-has-shadow fusion-flex-justify-content-flex-start fusion-content-layout-column\"><div class=\"fusion-form-field fusion-form-text-field fusion-form-label-above\" style=\"\" data-form-id=\"1644\"><div class=\"fusion-form-label-wrapper\"><label for=\"name\">Nev <abbr class=\"fusion-form-element-required\" title=\"required\">*<\/abbr><\/label><\/div><input type=\"text\" autocomplete=\"off\" name=\"name\" id=\"name\" value=\"\"  class=\"fusion-form-input\" required=\"true\" aria-required=\"true\" data-holds-private-data=\"false\" minlength=\"0\"\/><\/div><div class=\"fusion-form-field fusion-form-text-field fusion-form-label-above\" style=\"\" data-form-id=\"1644\"><div class=\"fusion-form-label-wrapper\"><label for=\"strasse_und_hausnummer:\">Utca \u00e9s h\u00e1zsz\u00e1m:<\/label><\/div><input type=\"text\" autocomplete=\"off\" name=\"strasse_und_hausnummer:\" id=\"strasse_und_hausnummer:\" value=\"\"  class=\"fusion-form-input\" data-holds-private-data=\"false\" minlength=\"0\"\/><\/div><div class=\"fusion-form-field fusion-form-text-field fusion-form-label-above\" style=\"\" data-form-id=\"1644\"><div class=\"fusion-form-label-wrapper\"><label for=\"plz_und_ort:\">Ir\u00e1ny\u00edt\u00f3sz\u00e1m \u00e9s telep\u00fcl\u00e9s:<\/label><\/div><input type=\"text\" autocomplete=\"off\" name=\"plz_und_ort:\" id=\"plz_und_ort:\" value=\"\"  class=\"fusion-form-input\" data-holds-private-data=\"false\" minlength=\"0\"\/><\/div><div class=\"fusion-form-field fusion-form-email-field fusion-form-label-above\" style=\"\" data-form-id=\"1644\"><div class=\"fusion-form-label-wrapper\"><label for=\"email\">eMail <abbr class=\"fusion-form-element-required\" title=\"required\">*<\/abbr><\/label><\/div><div class=\"fusion-form-input-with-icon\"><i class=\"awb-form-icon fa-envelope fas\"><\/i><input type=\"email\" autocomplete=\"off\" name=\"email\" id=\"email\" value=\"\"  class=\"fusion-form-input\" required=\"true\" aria-required=\"true\" data-holds-private-data=\"false\"\/><\/div><\/div><div class=\"fusion-form-field fusion-form-phone-number-field fusion-form-label-above\" style=\"\" data-form-id=\"1644\"><div class=\"fusion-form-label-wrapper\"><label for=\"telefon-nr:\">Telefonsz\u00e1m: <abbr class=\"fusion-form-element-required\" title=\"required\">*<\/abbr><\/label><\/div><div class=\"fusion-form-input-with-icon\"><i class=\"awb-form-icon fa-phone-square-alt fas\"><\/i><input type=\"tel\" autocomplete=\"off\" name=\"telefon-nr:\" id=\"telefon-nr:\" value=\"\"  class=\"fusion-form-input\" required=\"true\" aria-required=\"true\" data-holds-private-data=\"false\"\/><\/div><\/div><div class=\"fusion-form-field fusion-form-radio-field fusion-form-label-above\" style=\"\" data-form-id=\"1644\"><fieldset><legend class=\"fusion-form-label-wrapper\"><span class=\"label\">Az \u00d6n aggodalma:<\/span><\/legend><div class=\"fusion-form-radio\"><input tabindex=\"\" id=\"radio-grund-1-0\" type=\"radio\" value=\"T\u00e1mogat\u00f3 tag szeretn\u00e9k lenni\" name=\"grund\" class=\"fusion-form-input\" data-holds-private-data=\"false\"\/><label for=\"radio-grund-1-0\">T\u00e1mogat\u00f3 tag szeretn\u00e9k lenni<\/label><\/div><div class=\"fusion-form-radio\"><input tabindex=\"\" id=\"radio-grund-1-1\" type=\"radio\" value=\"T\u00e1mogat\u00f3 tags\u00e1g\" name=\"grund\" class=\"fusion-form-input\" data-holds-private-data=\"false\"\/><label for=\"radio-grund-1-1\">T\u00e1mogat\u00f3 tags\u00e1g<\/label><\/div><div class=\"fusion-form-radio\"><input tabindex=\"\" id=\"radio-grund-1-2\" type=\"radio\" value=\"Inform\u00e1ci\u00f3s anyag k\u00e9r\u00e9se\" name=\"grund\" class=\"fusion-form-input\" data-holds-private-data=\"false\"\/><label for=\"radio-grund-1-2\">Inform\u00e1ci\u00f3s anyag k\u00e9r\u00e9se<\/label><\/div><div class=\"fusion-form-radio\"><input tabindex=\"\" id=\"radio-grund-1-3\" type=\"radio\" value=\"Egy\u00e9b\" name=\"grund\" class=\"fusion-form-input\" data-holds-private-data=\"false\"\/><label for=\"radio-grund-1-3\">Egy\u00e9b<\/label><\/div><\/fieldset><\/div><div class=\"fusion-form-field fusion-form-textarea-field fusion-form-label-above\" style=\"\" data-form-id=\"1644\"><label for=\"ihre_nachricht:\">Az \u00d6n \u00fczenete nek\u00fcnk:<\/label><textarea cols=\"40\" autocomplete=\"off\"  minlength=\"0\"  rows=\"2\" tabindex=\"\" id=\"ihre_nachricht:\" name=\"ihre_nachricht:\" class=\"fusion-form-input\" data-holds-private-data=\"false\"><\/textarea><\/div><div class=\"fusion-form-field fusion-form-recaptcha-field fusion-form-label-above\" style=\"\" data-form-id=\"1644\">\t\t\t\t<div class=\"form-creator-recaptcha\" >\n\t\t\t\t\t\t\t\t\t\t\t\t\t\t\t\t\t\t\t\t\t\t\t<div class=\"fusion-form-recaptcha-wrapper\">\n\t\t\t\t\t\t\t\t\t\t<div\n\t\t\t\t\t\t\tid=\"g-recaptcha-id-form-1644\"\n\t\t\t\t\t\t\tclass=\"fusion-form-recaptcha-v3 recaptcha-container \"\n\t\t\t\t\t\t\tdata-sitekey=\"6LcRhaoqAAAAAPGbRMjuB_SJ8UkxQOQPo83PnChr\"\n\t\t\t\t\t\t\tdata-badge=\"inline\">\n\t\t\t\t\t\t<\/div>\n\t\t\t\t\t\t<input\n\t\t\t\t\t\t\ttype=\"hidden\"\n\t\t\t\t\t\t\tname=\"fusion-form-recaptcha-response\"\n\t\t\t\t\t\t\tclass=\"g-recaptcha-response\"\n\t\t\t\t\t\t\tid=\"fusion-form-recaptcha-response-1644\"\n\t\t\t\t\t\t\tvalue=\"\">\n\t\t\t\t\t\t\t\t\t<\/div>\n\t\t\t\t\t\t\t\t\t\t\t\t\t\t\t<\/div>\n\t\t\t\t<\/div><div class=\"fusion-form-field fusion-form-submit-field fusion-form-label-above\" style=\"\" data-form-id=\"1644\"><div ><button type=\"submit\" class=\"fusion-button button-3d button-large button-default fusion-button-default button-1 fusion-button-default-span  button-default form-form-submit\" style=\"--button_typography-font-family:&#039;Arial Black&#039;, Gadget, sans-serif;--button_typography-font-style:normal;--button_typography-font-weight:400;\" data-form-number=\"1644\" tabindex=\"\"><span class=\"fusion-button-text awb-button__text awb-button__text--default\">K\u00fcldje el az \u0171rlapot<\/span><\/button><\/div><\/div><\/div><\/div><\/div><\/div><input type=\"hidden\" name=\"fusion_privacy_expiration_interval\" value=\"48\"><input type=\"hidden\" name=\"privacy_expiration_action\" value=\"anonymize\"><\/form><\/div><div class=\"fusion-builder-row fusion-builder-row-inner fusion-row fusion-flex-align-items-flex-start fusion-flex-content-wrap\" style=\"--awb-flex-grow:0;--awb-flex-grow-medium:0;--awb-flex-grow-small:0;--awb-flex-shrink:0;--awb-flex-shrink-medium:0;--awb-flex-shrink-small:0;width:104% !important;max-width:104% !important;margin-left: calc(-4% \/ 2 );margin-right: calc(-4% \/ 2 );\"><div class=\"fusion-layout-column fusion_builder_column_inner fusion-builder-nested-column-0 fusion_builder_column_inner_1_1 1_1 fusion-flex-column\" style=\"--awb-bg-size:cover;--awb-width-large:100%;--awb-margin-top-large:0px;--awb-spacing-right-large:1.92%;--awb-margin-bottom-large:20px;--awb-spacing-left-large:1.92%;--awb-width-medium:100%;--awb-order-medium:0;--awb-spacing-right-medium:1.92%;--awb-spacing-left-medium:1.92%;--awb-width-small:100%;--awb-order-small:0;--awb-spacing-right-small:1.92%;--awb-spacing-left-small:1.92%;\"><div class=\"fusion-column-wrapper fusion-column-has-shadow fusion-flex-justify-content-flex-start fusion-content-layout-column\"><div class=\"fusion-title title fusion-title-1 fusion-title-text fusion-title-size-two\" style=\"--awb-text-color:var(--awb-color5);--awb-margin-top-small:10px;--awb-margin-right-small:0px;--awb-margin-bottom-small:10px;--awb-margin-left-small:0px;\"><div class=\"title-sep-container title-sep-container-left fusion-no-large-visibility fusion-no-medium-visibility fusion-no-small-visibility\"><div class=\"title-sep sep-double sep-solid\" style=\"border-color:#e2e2e2;\"><\/div><\/div><span class=\"awb-title-spacer fusion-no-large-visibility fusion-no-medium-visibility fusion-no-small-visibility\"><\/span><h2 class=\"fusion-title-heading title-heading-left\" style=\"margin:0;text-shadow:2px 2px 2px;\">CSATLAKOZZ &#8211; L\u00c9GY TAG<\/h2><span class=\"awb-title-spacer\"><\/span><div class=\"title-sep-container title-sep-container-right\"><div class=\"title-sep sep-double sep-solid\" style=\"border-color:#e2e2e2;\"><\/div><\/div><\/div><div class=\"elegant-empty-space space-vertical fusion-clearfix \" style=\"height:25px;\"><\/div><div class=\"elegant-fancy-button-wrapper elegant-align-left\"><style type=\"text\/css\">.elegant-fancy-button-wrap.elegant-fancy-button-1 .elegant-fancy-button-link { color:#e5a206 !important;--color:var(--awb-color5) !important; border-color:#e5a206;--border-color:var(--awb-custom18)}.elegant-fancy-button-wrap.elegant-fancy-button-1 .elegant-fancy-button-link:hover { color:var(--awb-color5) !important;}.elegant-fancy-button-wrap.elegant-fancy-button-1 .elegant-fancy-button-link.elegant-button-corners:before, .elegant-fancy-button-wrap.elegant-fancy-button-1 .elegant-fancy-button-link.elegant-button-corners:after, .elegant-fancy-button-wrap.elegant-fancy-button-1 .elegant-fancy-button-link.elegant-button-corners span:before, .elegant-fancy-button-wrap.elegant-fancy-button-1 .elegant-fancy-button-link.elegant-button-corners span:after { border-color:var(--awb-custom18);}<\/style><div class=\"elegant-fancy-button-wrap elegant-fancy-button-1 \"><a class=\"elegant-fancy-button-link elegant-button-corners elegant-button-round button-xlarge elegant-fancy-button-icon-left\" style=\"font-family: &#039;Open Sans&#039; ;font-weight: 400;font-size:18px;line-height: 1em;\" href=\"https:\/\/die-heimat.de\/wp-content\/uploads\/2023\/07\/Mitgliedsantrag.pdf\" target=\"_blank\"><span><i class=\"fa-file-download fas\"><\/i>MITGLIEDSANTRAG ZUM AUSDRUCKEN<\/span><\/a><\/div><\/div><div class=\"elegant-empty-space space-vertical fusion-clearfix \" style=\"height:25px;\"><\/div><div class=\"fusion-text fusion-text-3\"><ul>\n<li class=\"address\">K\u00fcldje el a k\u00f6vetkez\u0151 c\u00edmre<br \/>\n<strong>Die Heimat Landesverband Th\u00fcringen<\/strong><br \/>\n<strong>Katharinenstra\u00dfe 147 A<\/strong><br \/>\n<strong>99817 Eisenach<br \/>N\u00e9metorsz\u00e1g<\/strong><\/li>\n<li class=\"phone phone-1\"><a href=\"tel:+4936917877975\">03691 \/ 78 77 975<\/a><\/li>\n<li class=\"mail\"><i class=\"icon-mail\"><\/i><a href=\"mailto:info@die-heimat-thueringen.de\">info@die-heimat-thueringen.de<\/a><\/li>\n<\/ul>\n<\/div><\/div><\/div><\/div><\/div><\/div><\/div><\/div>\n","protected":false},"excerpt":{"rendered":"","protected":false},"author":1,"featured_media":0,"parent":0,"menu_order":0,"comment_status":"closed","ping_status":"closed","template":"100-width.php","meta":{"footnotes":""},"class_list":["post-1640","page","type-page","status-publish","hentry"],"_links":{"self":[{"href":"https:\/\/die-heimat-thueringen.de\/hu\/wp-json\/wp\/v2\/pages\/1640","targetHints":{"allow":["GET"]}}],"collection":[{"href":"https:\/\/die-heimat-thueringen.de\/hu\/wp-json\/wp\/v2\/pages"}],"about":[{"href":"https:\/\/die-heimat-thueringen.de\/hu\/wp-json\/wp\/v2\/types\/page"}],"author":[{"embeddable":true,"href":"https:\/\/die-heimat-thueringen.de\/hu\/wp-json\/wp\/v2\/users\/1"}],"replies":[{"embeddable":true,"href":"https:\/\/die-heimat-thueringen.de\/hu\/wp-json\/wp\/v2\/comments?post=1640"}],"version-history":[{"count":10,"href":"https:\/\/die-heimat-thueringen.de\/hu\/wp-json\/wp\/v2\/pages\/1640\/revisions"}],"predecessor-version":[{"id":2561,"href":"https:\/\/die-heimat-thueringen.de\/hu\/wp-json\/wp\/v2\/pages\/1640\/revisions\/2561"}],"wp:attachment":[{"href":"https:\/\/die-heimat-thueringen.de\/hu\/wp-json\/wp\/v2\/media?parent=1640"}],"curies":[{"name":"wp","href":"https:\/\/api.w.org\/{rel}","templated":true}]}}