{"id":1843,"date":"2025-05-15T19:30:30","date_gmt":"2025-05-15T17:30:30","guid":{"rendered":"https:\/\/die-heimat-thueringen.de\/a-heimat-alapelvei-es-etikai-kodexe\/"},"modified":"2025-05-15T19:55:49","modified_gmt":"2025-05-15T17:55:49","slug":"a-heimat-alapelvei-es-etikai-kodexe","status":"publish","type":"page","link":"https:\/\/die-heimat-thueringen.de\/hu\/a-heimat-alapelvei-es-etikai-kodexe\/","title":{"rendered":"A HEIMAT alapelvei \u00e9s etikai k\u00f3dexe"},"content":{"rendered":"<p><div class=\"fusion-fullwidth fullwidth-box fusion-builder-row-1 fusion-flex-container has-pattern-background has-mask-background nonhundred-percent-fullwidth non-hundred-percent-height-scrolling gradient-container-1\" style=\"--awb-border-radius-top-left:0px;--awb-border-radius-top-right:0px;--awb-border-radius-bottom-right:0px;--awb-border-radius-bottom-left:0px;--awb-flex-wrap:wrap;\" ><div class=\"fusion-builder-row fusion-row fusion-flex-align-items-flex-start fusion-flex-content-wrap\" style=\"max-width:1404px;margin-left: calc(-4% \/ 2 );margin-right: calc(-4% \/ 2 );\"><div class=\"fusion-layout-column fusion_builder_column fusion-builder-column-0 fusion_builder_column_2_3 2_3 fusion-flex-column\" style=\"--awb-bg-size:cover;--awb-width-large:66.666666666667%;--awb-margin-top-large:0px;--awb-spacing-right-large:2.88%;--awb-margin-bottom-large:20px;--awb-spacing-left-large:2.88%;--awb-width-medium:66.666666666667%;--awb-order-medium:0;--awb-spacing-right-medium:2.88%;--awb-spacing-left-medium:2.88%;--awb-width-small:100%;--awb-order-small:0;--awb-spacing-right-small:1.92%;--awb-spacing-left-small:1.92%;\"><div class=\"fusion-column-wrapper fusion-column-has-shadow fusion-flex-justify-content-flex-start fusion-content-layout-column\"><div class=\"fusion-title title fusion-title-1 fusion-title-text fusion-title-size-one\" style=\"--awb-margin-top-small:10px;--awb-margin-right-small:0px;--awb-margin-bottom-small:10px;--awb-margin-left-small:0px;\"><div class=\"title-sep-container title-sep-container-left fusion-no-large-visibility fusion-no-medium-visibility fusion-no-small-visibility\"><div class=\"title-sep sep-double sep-solid\" style=\"border-color:#e2e2e2;\"><\/div><\/div><span class=\"awb-title-spacer fusion-no-large-visibility fusion-no-medium-visibility fusion-no-small-visibility\"><\/span><h1 class=\"fusion-title-heading title-heading-left\" style=\"margin:0;\"><h2>A HEIMAT alapelvei \u00e9s etikai k\u00f3dexe<\/h2><\/h1><span class=\"awb-title-spacer\"><\/span><div class=\"title-sep-container title-sep-container-right\"><div class=\"title-sep sep-double sep-solid\" style=\"border-color:#e2e2e2;\"><\/div><\/div><\/div><div class=\"fusion-text fusion-text-1\"><p><strong>Vez\u00e9relv:<\/strong> A HEIMAT t\u00f6bb, mint egy politikai k\u00f6z\u00f6ss\u00e9g \u2013 \u00e9rt\u00e9kek \u00e9s sorsok k\u00f6z\u00f6ss\u00e9ge, amely felel\u0151ss\u00e9gen, h\u0171s\u00e9gen \u00e9s fegyelmen alapszik. Tiszteletk\u00f3dex\u00fcnk k\u00f6z\u00f6s elveink \u00e9s ir\u00e1nyelveink kifejez\u00e9se. Aki csatlakozik hozz\u00e1nk, elk\u00f6telezi mag\u00e1t ezeknek az alapelveknek, \u00e9s felel\u0151ss\u00e9get v\u00e1llal azok betart\u00e1s\u00e1\u00e9rt. Haz\u00e1nkat etnikai \u00e9s kultur\u00e1lis \u00f6r\u00f6ks\u00e9gnek tekintj\u00fck, amelyet meg kell \u0151rizni \u00e9s v\u00e9deni.<\/p>\n<\/div><\/div><\/div><div class=\"fusion-layout-column fusion_builder_column fusion-builder-column-1 fusion_builder_column_1_3 1_3 fusion-flex-column\" style=\"--awb-bg-size:cover;--awb-width-large:33.333333333333%;--awb-margin-top-large:0px;--awb-spacing-right-large:5.76%;--awb-margin-bottom-large:20px;--awb-spacing-left-large:5.76%;--awb-width-medium:33.333333333333%;--awb-order-medium:0;--awb-spacing-right-medium:5.76%;--awb-spacing-left-medium:5.76%;--awb-width-small:100%;--awb-order-small:0;--awb-spacing-right-small:1.92%;--awb-spacing-left-small:1.92%;\"><div class=\"fusion-column-wrapper fusion-column-has-shadow fusion-flex-justify-content-flex-start fusion-content-layout-column\"><div class=\"fusion-image-element \" style=\"--awb-max-width:150px;--awb-caption-title-font-family:var(--h2_typography-font-family);--awb-caption-title-font-weight:var(--h2_typography-font-weight);--awb-caption-title-font-style:var(--h2_typography-font-style);--awb-caption-title-size:var(--h2_typography-font-size);--awb-caption-title-transform:var(--h2_typography-text-transform);--awb-caption-title-line-height:var(--h2_typography-line-height);--awb-caption-title-letter-spacing:var(--h2_typography-letter-spacing);\"><span class=\" fusion-imageframe imageframe-none imageframe-1 hover-type-none\"><img decoding=\"async\" width=\"500\" height=\"750\" title=\"Fackel_Leitbild\" src=\"https:\/\/die-heimat-thueringen.de\/wp-content\/uploads\/2025\/05\/Fackel_Leitbild-HU.png\" alt class=\"img-responsive wp-image-1839\" srcset=\"https:\/\/die-heimat-thueringen.de\/wp-content\/uploads\/2025\/05\/Fackel_Leitbild-HU-200x300.png 200w, https:\/\/die-heimat-thueringen.de\/wp-content\/uploads\/2025\/05\/Fackel_Leitbild-HU-400x600.png 400w, https:\/\/die-heimat-thueringen.de\/wp-content\/uploads\/2025\/05\/Fackel_Leitbild-HU.png 500w\" sizes=\"(max-width: 640px) 100vw, 500px\" \/><\/span><\/div><\/div><\/div><\/div><\/div><div class=\"fusion-fullwidth fullwidth-box fusion-builder-row-2 fusion-flex-container has-pattern-background has-mask-background nonhundred-percent-fullwidth non-hundred-percent-height-scrolling gradient-container-2\" style=\"--awb-border-radius-top-left:0px;--awb-border-radius-top-right:0px;--awb-border-radius-bottom-right:0px;--awb-border-radius-bottom-left:0px;--awb-flex-wrap:wrap;\" ><div class=\"fusion-builder-row fusion-row fusion-flex-align-items-flex-start fusion-flex-content-wrap\" style=\"max-width:1404px;margin-left: calc(-4% \/ 2 );margin-right: calc(-4% \/ 2 );\"><div class=\"fusion-layout-column fusion_builder_column fusion-builder-column-2 fusion_builder_column_1_1 1_1 fusion-flex-column\" style=\"--awb-bg-size:cover;--awb-width-large:100%;--awb-margin-top-large:0px;--awb-spacing-right-large:1.92%;--awb-margin-bottom-large:20px;--awb-spacing-left-large:1.92%;--awb-width-medium:100%;--awb-order-medium:0;--awb-spacing-right-medium:1.92%;--awb-spacing-left-medium:1.92%;--awb-width-small:100%;--awb-order-small:0;--awb-spacing-right-small:1.92%;--awb-spacing-left-small:1.92%;\"><div class=\"fusion-column-wrapper fusion-column-has-shadow fusion-flex-justify-content-flex-start fusion-content-layout-column\"><div class=\"fusion-title title fusion-title-2 fusion-title-text fusion-title-size-two fusion-animated\" style=\"--awb-margin-top-small:10px;--awb-margin-right-small:0px;--awb-margin-bottom-small:10px;--awb-margin-left-small:0px;\" data-animationType=\"bounceInLeft\" data-animationDuration=\"0.3\" data-animationOffset=\"top-into-view\"><div class=\"title-sep-container title-sep-container-left fusion-no-large-visibility fusion-no-medium-visibility fusion-no-small-visibility\"><div class=\"title-sep sep-double sep-solid\" style=\"border-color:#e2e2e2;\"><\/div><\/div><span class=\"awb-title-spacer fusion-no-large-visibility fusion-no-medium-visibility fusion-no-small-visibility\"><\/span><h2 class=\"fusion-title-heading title-heading-left\" style=\"margin:0;\"><h2 class=\"title\" style=\"text-align: center;\">A HEIMAT-t\u00e1rsult tagok 10 alapelve:<\/h2><\/h2><span class=\"awb-title-spacer\"><\/span><div class=\"title-sep-container title-sep-container-right\"><div class=\"title-sep sep-double sep-solid\" style=\"border-color:#e2e2e2;\"><\/div><\/div><\/div><div class=\"fusion-text fusion-text-2\"><h3 style=\"text-align: center;\"><span style=\"color: #d79e29;\">1. Felel\u0151ss\u00e9g a n\u00e9p \u00e9s a haza ir\u00e1nt<\/span><\/h3>\n<p style=\"text-align: center;\">Sz\u00fcl\u0151f\u00f6ld\u00fcnk etnikai-kultur\u00e1lis \u00e9s t\u00f6rt\u00e9nelmi \u00f6r\u00f6ks\u00e9g\u00fcnk. J\u00f6v\u0151j\u00e9t alak\u00edtani \u00e9s szabads\u00e1g\u00e1t megv\u00e9deni k\u00f6teless\u00e9g\u00fcnk. <\/p>\n<h3 style=\"text-align: center;\"><span style=\"color: #d79e29;\">2. K\u00f6teless\u00e9gtudat \u00e9s integrit\u00e1s<\/span><\/h3>\n<p style=\"text-align: center;\">Mindenki felel\u0151s a tettei\u00e9rt. \u00c1llunk a szavunk mellett, lelkiismeretesen j\u00e1runk el, \u00e9s neh\u00e9z id\u0151kben is kitartunk. Meg\u0151rizz\u00fck integrit\u00e1sunkat a nyomoz\u00f3 hat\u00f3s\u00e1gokkal szemben. Ezzel kapcsolatban b\u00edzunk \u00fcgyv\u00e9deink jogi szak\u00e9rtelm\u00e9ben, \u00e9s ker\u00fclj\u00fck az olyan nyilatkozatokat, amelyek k\u00e1rt okozhatnak nek\u00fcnk vagy elk\u00e9pzel\u00e9seinknek. Ne tegy\u00fcnk elhamarkodott nyilatkozatokat \u2013 jogi v\u00e9delem az \u00f6nk\u00e1ros\u00edt\u00e1s ellen.    <\/p>\n<h3 style=\"text-align: center;\"><span style=\"color: #d79e29;\">3. P\u00e9ldak\u00e9p lenni<\/span><\/h3>\n<p style=\"text-align: center;\">Felel\u0151ss\u00e9get v\u00e1llalunk a csal\u00e1dban, a munk\u00e1ban \u00e9s a t\u00e1rsadalomban, \u00e9s p\u00e9ldamutat\u00f3 magatart\u00e1sunkkal, szorgalmunkkal \u00e9s fegyelmezetts\u00e9g\u00fcnkkel inspir\u00e1lunk m\u00e1sokat<\/p>\n<h3 style=\"text-align: center;\"><span style=\"color: #d79e29;\">4. \u0150szintes\u00e9g, saj\u00e1t felel\u0151ss\u00e9gv\u00e1llal\u00e1s \u00e9s seg\u00edts\u00e9gny\u00fajt\u00e1s az \u00f6nseg\u00edt\u00e9shez<\/span><\/h3>\n<p style=\"text-align: center;\">A saj\u00e1t felel\u0151ss\u00e9gv\u00e1llal\u00e1sra \u00e9s a szem\u00e9lyes elk\u00f6telezetts\u00e9gre \u00e9p\u00fcl\u0151 teljes\u00edtm\u00e9nyelvre t\u00e1maszkodunk. A t\u00e1mogat\u00e1s nem fel\u00fcgyeletet jelent, hanem seg\u00edts\u00e9get az \u00f6n\u00e1ll\u00f3s\u00e1ghoz. <\/p>\n<h3 style=\"text-align: center;\"><span style=\"color: #d79e29;\">5. Teljes\u00edtm\u00e9ny \u00e9s fegyelem<\/span><\/h3>\n<p style=\"text-align: center;\">Az oktat\u00e1s, a munka \u00e9s a szem\u00e9lyes fejl\u0151d\u00e9s egy er\u0151s n\u00e9p alapjai. A teljes\u00edtm\u00e9ny nem \u00f6nc\u00e9l\u00fa, hanem a k\u00f6zj\u00f3t szolg\u00e1lja. <\/p>\n<h3 style=\"text-align: center;\"><span style=\"color: #d79e29;\">6. Hagyom\u00e1nyok \u00e9s kult\u00fara \u00e1pol\u00e1sa<\/span><\/h3>\n<p style=\"text-align: center;\">Kultur\u00e1lis identit\u00e1sunk \u00e9s hagyom\u00e1nyaink hidat k\u00e9peznek a m\u00falt \u00e9s a j\u00f6v\u0151 k\u00f6z\u00f6tt. A t\u00f6rt\u00e9nelem felel\u0151ss\u00e9gre \u00e9s tanul\u00e1si k\u00e9szs\u00e9gre k\u00f6telez minket. <\/p>\n<h3 style=\"text-align: center;\"><span style=\"color: #d79e29;\">7. A csal\u00e1d meger\u0151s\u00edt\u00e9se<\/span><\/h3>\n<p style=\"text-align: center;\">A csal\u00e1d a t\u00e1rsadalom alapja. V\u00e9delme, t\u00e1mogat\u00e1sa \u00e9s \u00e9rt\u00e9korient\u00e1lt nevel\u00e9se els\u0151dleges fontoss\u00e1g\u00fa. <\/p>\n<h3 style=\"text-align: center;\"><span style=\"color: #d79e29;\">8. Tudatos fogyaszt\u00e1s \u00e9lvezeti cikkekb\u0151l<\/span><\/h3>\n<p style=\"text-align: center;\">Az ember ura a szok\u00e1sainak, \u00e9s nem ford\u00edtva. Elutas\u00edtjuk azokat az anyagokat, amelyek tart\u00f3san k\u00e1ros\u00edtj\u00e1k a testet, az elm\u00e9t \u00e9s a jellem\u00fcnket. A felel\u0151ss\u00e9g \u00e9s a m\u00e9rt\u00e9kletess\u00e9g d\u00f6nt\u0151 fontoss\u00e1g\u00fa.  <\/p>\n<h3 style=\"text-align: center;\"><span style=\"color: #d79e29;\">9. H\u0171s\u00e9g, becs\u00fclet \u00e9s \u0151szintes\u00e9g a bajt\u00e1rsak k\u00f6z\u00f6tt<\/span><\/h3>\n<p style=\"text-align: center;\">K\u00f6z\u00f6ss\u00e9g\u00fcnkben megd\u00f6nthetetlen bizalom uralkodik. A hazugs\u00e1g, az intrik\u00e1k \u00e9s az illoy\u00e1lis viselked\u00e9s rombolj\u00e1k \u00e9rt\u00e9keink alapjait. <\/p>\n<h3 style=\"text-align: center;\"><span style=\"color: #d79e29;\">10. Tisztelet \u00e9s illend\u0151s\u00e9g az emberi kapcsolatokban<\/span><\/h3>\n<p style=\"text-align: center;\">H\u0171s\u00e9g, lojalit\u00e1s \u00e9s tisztess\u00e9g hat\u00e1rozz\u00e1k meg cselekedeteinket. A megl\u00e9v\u0151 partners\u00e9gek tiszteletet \u00e9rdemelnek. Tisztess\u00e9g \u00e9s felel\u0151ss\u00e9g vez\u00e9rel minket egym\u00e1s ir\u00e1nt.  <\/p>\n<\/div><div class=\"fusion-text fusion-text-3\"><blockquote>\n<p><strong>\u00cdg\u00e9ret:<\/strong> Ezek az alapelvek sz\u00e1munkra k\u00f6telez\u0151ek. Betart\u00e1suk azt jelenti, hogy becs\u00fclettel, fegyelemmel \u00e9s felel\u0151ss\u00e9ggel elk\u00f6telezz\u00fck magunkat haz\u00e1nk \u00e9s k\u00f6z\u00f6ss\u00e9g\u00fcnk ir\u00e1nt. Tev\u00e9kenys\u00e9g\u00fcnk sor\u00e1n tudat\u00e1ban vagyunk annak, hogy munk\u00e1nk a j\u00f6v\u0151 gener\u00e1ci\u00f3inak \u00f6r\u00f6ks\u00e9g\u00e9t is alak\u00edtja.  <\/p>\n<\/blockquote>\n<\/div><div class=\"fusion-text fusion-text-4\"><p style=\"text-align: right;\">Elfogadta a HEIMAT p\u00e1rtvezet\u00e9se 2025. m\u00e1rcius 28-\u00e1n.<\/p>\n<\/div><\/div><\/div><\/div><\/div><\/p>\n","protected":false},"excerpt":{"rendered":"","protected":false},"author":1,"featured_media":0,"parent":0,"menu_order":0,"comment_status":"closed","ping_status":"closed","template":"100-width.php","meta":{"footnotes":""},"class_list":["post-1843","page","type-page","status-publish","hentry"],"_links":{"self":[{"href":"https:\/\/die-heimat-thueringen.de\/hu\/wp-json\/wp\/v2\/pages\/1843","targetHints":{"allow":["GET"]}}],"collection":[{"href":"https:\/\/die-heimat-thueringen.de\/hu\/wp-json\/wp\/v2\/pages"}],"about":[{"href":"https:\/\/die-heimat-thueringen.de\/hu\/wp-json\/wp\/v2\/types\/page"}],"author":[{"embeddable":true,"href":"https:\/\/die-heimat-thueringen.de\/hu\/wp-json\/wp\/v2\/users\/1"}],"replies":[{"embeddable":true,"href":"https:\/\/die-heimat-thueringen.de\/hu\/wp-json\/wp\/v2\/comments?post=1843"}],"version-history":[{"count":6,"href":"https:\/\/die-heimat-thueringen.de\/hu\/wp-json\/wp\/v2\/pages\/1843\/revisions"}],"predecessor-version":[{"id":1849,"href":"https:\/\/die-heimat-thueringen.de\/hu\/wp-json\/wp\/v2\/pages\/1843\/revisions\/1849"}],"wp:attachment":[{"href":"https:\/\/die-heimat-thueringen.de\/hu\/wp-json\/wp\/v2\/media?parent=1843"}],"curies":[{"name":"wp","href":"https:\/\/api.w.org\/{rel}","templated":true}]}}