{"id":2281,"date":"2024-12-26T18:28:00","date_gmt":"2024-12-26T17:28:00","guid":{"rendered":"https:\/\/die-heimat-thueringen.de\/rundbrief\/"},"modified":"2025-07-06T22:30:12","modified_gmt":"2025-07-06T20:30:12","slug":"rundbrief","status":"publish","type":"page","link":"https:\/\/die-heimat-thueringen.de\/hu\/rundbrief\/","title":{"rendered":"H\u00edrlev\u00e9l"},"content":{"rendered":"<div class=\"fusion-fullwidth fullwidth-box fusion-builder-row-1 fusion-flex-container has-pattern-background has-mask-background nonhundred-percent-fullwidth non-hundred-percent-height-scrolling gradient-container-1\" style=\"--awb-border-radius-top-left:0px;--awb-border-radius-top-right:0px;--awb-border-radius-bottom-right:0px;--awb-border-radius-bottom-left:0px;--awb-flex-wrap:wrap;\" ><div class=\"fusion-builder-row fusion-row fusion-flex-align-items-flex-start fusion-flex-content-wrap\" style=\"max-width:1404px;margin-left: calc(-4% \/ 2 );margin-right: calc(-4% \/ 2 );\"><div class=\"fusion-layout-column fusion_builder_column fusion-builder-column-0 fusion_builder_column_1_1 1_1 fusion-flex-column\" style=\"--awb-bg-size:cover;--awb-width-large:100%;--awb-margin-top-large:0px;--awb-spacing-right-large:1.92%;--awb-margin-bottom-large:20px;--awb-spacing-left-large:1.92%;--awb-width-medium:100%;--awb-order-medium:0;--awb-spacing-right-medium:1.92%;--awb-spacing-left-medium:1.92%;--awb-width-small:100%;--awb-order-small:0;--awb-spacing-right-small:1.92%;--awb-spacing-left-small:1.92%;\"><div class=\"fusion-column-wrapper fusion-column-has-shadow fusion-flex-justify-content-flex-start fusion-content-layout-column\"><div class=\"fusion-text fusion-text-1\"><p>Mindig t\u00e1j\u00e9koz\u00f3djon a Heimat Th\u00fcringen aktu\u00e1lis tev\u00e9kenys\u00e9geir\u0151l.<\/p>\n<p>Iratkozzon fel h\u00edrlevel\u00fcnkre.<\/p>\n<p><strong><span id=\"wpaicg-chat-message-26573\" class=\"wpaicg-chat-message\">Sajnos a t-online e-mail c\u00edmek nem haszn\u00e1lhat\u00f3k, mivel a T-Online a m\u00faltban olyan int\u00e9zked\u00e9seket hozott, amelyek a v\u00e9lem\u00e9nynyilv\u00e1n\u00edt\u00e1s szabads\u00e1g\u00e1nak korl\u00e1toz\u00e1s\u00e1t jelentik. Javasoljuk, hogy olyan alternat\u00edv e-mail szolg\u00e1ltat\u00f3kat haszn\u00e1ljanak, amelyek nyitottabb kommunik\u00e1ci\u00f3s politik\u00e1t folytatnak. <\/span><\/strong><\/p>\n<\/div><div class=\"fusion-widget-area awb-widget-area-element fusion-widget-area-1 fusion-content-widget-area\" style=\"--awb-title-color:#07080f;--awb-padding:0px 0px 0px 0px;\"><div id=\"wpsmnl2nl\" class=\"widget wpsmnl2_subscribe\"><div class=\"heading\"><h4 class=\"widget-title\">H\u00edrlev\u00e9l feliratkoz\u00e1s-magyar<\/h4><\/div><a name=\"wpsmnl2nl\"><\/a><div class=\"widget module\">A h\u00edrlev\u00e9lre itt iratkozhat fel.<form action=\"#wpsmnl2nl\" method=\"post\">\n<p class=\"wpsmnl2_form_label\">E-mail c\u00edm:<br \/> <input type=\"text\" name=\"wpsmnl2_email\" id=\"wpsmnl2_email\" class=\"wpsmnl2_form_txt\" \/><\/p>\n<script type=\"text\/javascript\">\r\n   \/* <![CDATA[ *\/\r\n\r\n           function wpsmnl2_activate_deactivate_fields (state) {\r\n              for (i=0; i<6; i++) {\r\n                if (obj = document.getElementById('wpsmnl2_fields_'+i)) {\r\n                    obj.disabled = !state;\r\n                    obj.readOnly = !state;\r\n                }\r\n              }\r\n           }\r\n   \/* ]]> *\/\r\n   <\/script>\r\n   <p class=\"wpsmnl2_form_label\"><input type=\"radio\" name=\"wpsmnl2_action\" id=\"wpsmnl2_action1\" onclick=\"wpsmnl2_activate_deactivate_fields(1)\" class=\"wpsmnl2_form_radio\" value=\"subscribe\" checked=\"checked\" \/> bejelentkez\u00e9s<br\/><input type=\"radio\" name=\"wpsmnl2_action\" id=\"wpsmnl2_action2\" onclick=\"wpsmnl2_activate_deactivate_fields(0)\" class=\"wpsmnl2_form_radio\" value=\"unsubscribe\" \/> Leiratkoz\u00e1s<\/p><p class=\"wpsmnl2_form_label\">Adataim megad&aacute;s&aacute;val &eacute;s a regisztr&aacute;ci&oacute;s &ucirc;rlap elk&uuml;ld&eacute;s&eacute;vel hozz&aacute;j&aacute;rulok ahhoz, hogy az itt megrendelt h&iacute;rlevelet e-mailben megkapjam.  Adataimat nem adjuk tov&aacute;bb harmadik f&eacute;lnek. Ezt a hozz&aacute;j&aacute;rul&aacute;st b&aacute;rmikor visszavonhatom. Tov&aacute;bbi r&eacute;szletes inform&aacute;ci&oacute;k <a href=\"https:\/\/die-heimat-thueringen.de\/hu\/datenschutzerklaerung\/\" target=\"_blank\">Adatv&eacute;delmi szab&aacute;lyzat<\/a><\/p><br\/><p class=\"wpsmnl2_form_label\"><input type=\"submit\" value=\"K\u00fcld\u00e9s\" class=\"wpsmnl2_form_btn\" \/><\/p>\n<\/form>\n\n<font size=\"1\">Powered by Newsletter Software <a href=\"https:\/\/www.supermailer.de\/\" title=\"Newsletter Software SuperMailer\" target=\"_blank\">SuperMailer<\/a><\/font><\/div><\/div><div class=\"fusion-additional-widget-content\"><\/div><\/div><\/div><\/div><\/div><\/div>\n","protected":false},"excerpt":{"rendered":"","protected":false},"author":1,"featured_media":0,"parent":0,"menu_order":0,"comment_status":"closed","ping_status":"closed","template":"","meta":{"footnotes":""},"class_list":["post-2281","page","type-page","status-publish","hentry"],"_links":{"self":[{"href":"https:\/\/die-heimat-thueringen.de\/hu\/wp-json\/wp\/v2\/pages\/2281","targetHints":{"allow":["GET"]}}],"collection":[{"href":"https:\/\/die-heimat-thueringen.de\/hu\/wp-json\/wp\/v2\/pages"}],"about":[{"href":"https:\/\/die-heimat-thueringen.de\/hu\/wp-json\/wp\/v2\/types\/page"}],"author":[{"embeddable":true,"href":"https:\/\/die-heimat-thueringen.de\/hu\/wp-json\/wp\/v2\/users\/1"}],"replies":[{"embeddable":true,"href":"https:\/\/die-heimat-thueringen.de\/hu\/wp-json\/wp\/v2\/comments?post=2281"}],"version-history":[{"count":4,"href":"https:\/\/die-heimat-thueringen.de\/hu\/wp-json\/wp\/v2\/pages\/2281\/revisions"}],"predecessor-version":[{"id":2285,"href":"https:\/\/die-heimat-thueringen.de\/hu\/wp-json\/wp\/v2\/pages\/2281\/revisions\/2285"}],"wp:attachment":[{"href":"https:\/\/die-heimat-thueringen.de\/hu\/wp-json\/wp\/v2\/media?parent=2281"}],"curies":[{"name":"wp","href":"https:\/\/api.w.org\/{rel}","templated":true}]}}